{"id":707,"date":"2025-09-18T07:59:29","date_gmt":"2025-09-18T05:59:29","guid":{"rendered":"https:\/\/p697602.webspaceconfig.de\/wordpress\/?page_id=707"},"modified":"2026-03-03T10:22:53","modified_gmt":"2026-03-03T09:22:53","slug":"impressum","status":"publish","type":"page","link":"https:\/\/www.logo-infraconsult.de\/en\/legal-notice\/","title":{"rendered":"Legal notice"},"content":{"rendered":"<h1>Impressum<\/h1>\n<div>\n<h2>LOGO InfraConsult GmbH<\/h2>\n<div>\n<p>Bessie-Coleman-Stra\u00dfe 7<br \/>D-60549 Frankfurt am Main<\/p>\n<p>Verantwortlich:<br \/>Andreas Klein, Huascar Rodriguez<\/p>\n<p>Vertretungsberechtigte Gesch\u00e4ftsf\u00fchrer:<br \/>Andreas Klein, Huascar Rodriguez<\/p>\n<p>Amtsgericht:<br \/>Handelsregister Frankfurt am Main, HRB 93639<\/p>\n<p>USt-ID-Nummer:<br \/>DE282667948<\/p>\n<\/div>\n<\/div>\n<div>\n<div>Urheberrechtshinweis<\/div>\n<div><!--StartFragment --><\/p>\n<p class=\"pf0\"><span class=\"cf0\">Alle Inhalte dieser Website, insbesondere Texte, Fotografien und Grafiken, sind urheberrechtlich gesch\u00fctzt. Sofern nicht anders gekennzeichnet, liegen die Urheberrechte bei der LOGO InfraConsult GmbH. Eine Verwendung der Inhalte bedarf der vorherigen schriftlichen Zustimmung der LOGO InfraConsult GmbH.<\/p>\n<p>Wer gegen das Urheberrecht verst\u00f6\u00dft (z. B. durch unerlaubtes Kopieren der Inhalte auf eine eigene Website), macht sich gem\u00e4\u00df \u00a7\u00a7 106 ff. Urheberrechtsgesetz (UrhG) strafbar. Dar\u00fcber hinaus k\u00f6nnen zivilrechtliche Schritte eingeleitet werden, insbesondere Unterlassungs- und Schadensersatzanspr\u00fcche. Rechtswidrige Kopien k\u00f6nnen im Internet technisch nachvollzogen werden.<\/span><\/p>\n<p><!--EndFragment --><\/p>\n<p>Frankfurt, Januar 2026<\/p>\n<\/div>\n<\/div>\n<div>\n<div>Bildnachweise<\/div>\n<div>\n<p>Die auf dieser Website verwendeten Bilder, Fotos und Grafiken sind urheberrechtlich gesch\u00fctzt.<\/p>\n<p>Soweit nicht anders gekennzeichnet, liegen die Bildrechte bei:<br \/>\u2022 LOGO InfraConsult GmbH, Frankfurt am Main<\/p>\n<p>Dar\u00fcber hinaus verwendete Bildquellen:<br \/>\u2022 \u00a9 iStockphoto LP<br \/>\u2022 \u00a9 Shutterstock<br \/>\u2022 \u00a9 Fraport AG &#8211; Bildnutzung bei jeweiligem Projekt gekennzeichnet<br \/>\u2022 \u00a9 Peter Sondermann\/City Luftbilder &#8211; Bildnutzung bei den Projekten der HSRM<\/p>\n<\/div>\n<\/div>\n<div>\n<div>Haftungshinweis<\/div>\n<div>\n<p>Trotz sorgf\u00e4ltiger inhaltlicher Kontrolle \u00fcbernehmen wir keine Haftung f\u00fcr die Inhalte externer Links. F\u00fcr den Inhalt der verlinkten Seiten sind ausschlie\u00dflich deren Betreiber verantwortlich.<\/p>\n<\/div>\n<\/div>\n<div>Konzept, Design und Programmierung:<\/div>\n<div>\n<p>        <img decoding=\"async\" src=\"\/wp-content\/uploads\/2025\/11\/avatar-round-inverse.svg\" alt=\"Webdesign Agentur signalfeuer.\"><\/p>\n<div>\n<p><strong>signalfeuer.<\/strong> <br \/><a href=\"https:\/\/www.signalfeuer.de\/webdesign-agentur-frankfurt\" rel=\"nofollow noopener\" target=\"_blank\">Webdesign Agentur Frankfurt<\/a> <br \/>Mehr Infos: <a href=\"https:\/\/www.signalfeuer.de\/webdesign-agentur-frankfurt\" target=\"_blank\" rel=\"noopener nofollow\">www.signalfeuer.de<\/a><\/p>\n<\/div>\n<p><a href=\"https:\/\/www.signalfeuer.de\/\" rel=\"nofollow noopener\" target=\"_blank\"><\/a><\/p>\n<\/div>\n<p><!--more--><br \/>\n<!-- {\"type\":\"layout\",\"children\":[{\"type\":\"section\",\"props\":{\"image_position\":\"center-center\",\"style\":\"primary\",\"title_breakpoint\":\"xl\",\"title_position\":\"top-left\",\"title_rotation\":\"left\",\"vertical_align\":\"middle\",\"width\":\"default\"},\"children\":[{\"type\":\"row\",\"children\":[{\"type\":\"column\",\"props\":{\"image_position\":\"center-center\",\"position_sticky_breakpoint\":\"m\"},\"children\":[{\"type\":\"headline\",\"props\":{\"content\":\"Impressum\",\"content_en_us\":\"Legal notice\",\"margin_remove_bottom\":true,\"text_align\":\"center\",\"title_element\":\"h1\"}},{\"type\":\"text\",\"props\":{\"column_breakpoint\":\"m\",\"content\":\"\",\"margin\":\"\",\"margin_remove_top\":false,\"text_align\":\"center\"}}]}]}],\"name\":\"Hero - Single Blue\"},{\"type\":\"section\",\"props\":{\"height\":\"page\",\"image_position\":\"center-center\",\"padding\":\"large\",\"style\":\"default\",\"title_breakpoint\":\"xl\",\"title_position\":\"top-left\",\"title_rotation\":\"left\",\"vertical_align\":\"middle\",\"width\":\"large\"},\"children\":[{\"type\":\"row\",\"children\":[{\"type\":\"column\",\"props\":{\"image_position\":\"center-center\",\"position_sticky_breakpoint\":\"m\",\"width_medium\":\"3-4\"},\"children\":[{\"type\":\"panel\",\"props\":{\"content\":\"\n\n<p>Bessie-Coleman-Stra\\u00dfe 7<br \\\/>D-60549 Frankfurt am Main<\\\/p>\\n\n\n<p>Verantwortlich:<br \\\/>Andreas Klein, Huascar Rodriguez<\\\/p>\\n\n\n<p>Vertretungsberechtigte Gesch\\u00e4ftsf\\u00fchrer:<br \\\/>Andreas Klein, Huascar Rodriguez<\\\/p>\\n\n\n<p>Amtsgericht:<br \\\/>Handelsregister Frankfurt am Main, HRB 93639<\\\/p>\\n\n\n<p>USt-ID-Nummer:<br \\\/>DE282667948<\\\/p>\",\"content_column_breakpoint\":\"m\",\"content_en_us\":\"\n\n<p>Bessie-Coleman-Stra\\u00dfe 7<br \\\/>D-60549 Frankfurt am Main<\\\/p>\\n\n\n<p>Responsible:<br \\\/>Andreas Klein, Huascar Rodriguez<\\\/p>\\n\n\n<p>Authorized representatives:<br \\\/>Andreas Klein, Huascar Rodriguez<\\\/p>\\n\n\n<p>District Court:<br \\\/>Trade Registry of Frankfurt am Main, HRB 93639<\\\/p>\\n\n\n<p>VAT ID no.:<br \\\/>DE282667948<\\\/p>\",\"icon_width\":80,\"image_align\":\"top\",\"image_grid_breakpoint\":\"m\",\"image_grid_width\":\"1-2\",\"image_svg_color\":\"emphasis\",\"link_style\":\"default\",\"link_text\":\"Read more\",\"margin\":\"default\",\"meta\":\"\",\"meta_align\":\"above-title\",\"meta_element\":\"div\",\"meta_style\":\"text-meta\",\"title\":\"LOGO InfraConsult GmbH\",\"title_align\":\"top\",\"title_element\":\"h2\",\"title_grid_breakpoint\":\"m\",\"title_grid_width\":\"1-2\",\"title_hover_style\":\"reset\",\"title_margin\":\"small\",\"title_style\":\"h2\"}},{\"type\":\"panel\",\"props\":{\"content\":\"<!--StartFragment -->\\n<\/p>\n<p class=\\\"pf0\\\"><span class=\\\"cf0\\\">Alle Inhalte dieser Website, insbesondere Texte, Fotografien und Grafiken, sind urheberrechtlich gesch\\u00fctzt. Sofern nicht anders gekennzeichnet, liegen die Urheberrechte bei der LOGO InfraConsult GmbH. Eine Verwendung der Inhalte bedarf der vorherigen schriftlichen Zustimmung der LOGO InfraConsult GmbH.<br \\\/><br \\\/>Wer gegen das Urheberrecht verst\\u00f6\\u00dft (z. B. durch unerlaubtes Kopieren der Inhalte auf eine eigene Website), macht sich gem\\u00e4\\u00df \\u00a7\\u00a7 106 ff. Urheberrechtsgesetz (UrhG) strafbar. Dar\\u00fcber hinaus k\\u00f6nnen zivilrechtliche Schritte eingeleitet werden, insbesondere Unterlassungs- und Schadensersatzanspr\\u00fcche. Rechtswidrige Kopien k\\u00f6nnen im Internet technisch nachvollzogen werden.<\\\/span><\\\/p>\\n<!--EndFragment -->\\n<\/p>\n<p>Frankfurt, Januar 2026<\\\/p>&#8220;,&#8221;content_column_breakpoint&#8221;:&#8221;m&#8221;,&#8221;content_en_us&#8221;:&#8221;<!--StartFragment -->\\n<\/p>\n<p class=\\\"pf0\\\"><span class=\\\"cf0\\\">All content on this website, in particular texts, photographs and graphics, is protected by copyright. Unless otherwise explicitly stated, the copyright is held by LOGO InfraConsult GmbH. If you wish to use any content from this website, please contact us in advance.<br \\\/><br \\\/>Any unauthorized use of copyrighted material may be subject to prosecution under Sections 106 et seq. of the German Copyright Act (UrhG) and may result in legal action, including claims for damages and reimbursement of legal costs. Unauthorized copies can be traced online with minimal effort.<\\\/span><\\\/p>\\n<!--EndFragment -->\\n<\/p>\n<p>Frankfurt, January 2026<\\\/p>&#8220;,&#8221;icon_width&#8221;:80,&#8221;image_align&#8221;:&#8221;top&#8221;,&#8221;image_grid_breakpoint&#8221;:&#8221;m&#8221;,&#8221;image_grid_width&#8221;:&#8221;1-2&#8243;,&#8221;image_svg_color&#8221;:&#8221;emphasis&#8221;,&#8221;link_style&#8221;:&#8221;default&#8221;,&#8221;link_text&#8221;:&#8221;Read more&#8221;,&#8221;margin&#8221;:&#8221;large&#8221;,&#8221;meta&#8221;:&#8221;&#8221;,&#8221;meta_align&#8221;:&#8221;above-title&#8221;,&#8221;meta_element&#8221;:&#8221;div&#8221;,&#8221;meta_style&#8221;:&#8221;text-meta&#8221;,&#8221;title&#8221;:&#8221;Urheberrechtshinweis&#8221;,&#8221;title_align&#8221;:&#8221;top&#8221;,&#8221;title_element&#8221;:&#8221;div&#8221;,&#8221;title_en_us&#8221;:&#8221;Copyright&#8221;,&#8221;title_grid_breakpoint&#8221;:&#8221;m&#8221;,&#8221;title_grid_width&#8221;:&#8221;1-2&#8243;,&#8221;title_hover_style&#8221;:&#8221;reset&#8221;,&#8221;title_margin&#8221;:&#8221;small&#8221;,&#8221;title_style&#8221;:&#8221;h4&#8243;}},{&#8220;type&#8221;:&#8221;panel&#8221;,&#8221;props&#8221;:{&#8220;content&#8221;:&#8221;<\/p>\n<p>Die auf dieser Website verwendeten Bilder, Fotos und Grafiken sind urheberrechtlich gesch\\u00fctzt.<\\\/p>\\n<\/p>\n<p>Soweit nicht anders gekennzeichnet, liegen die Bildrechte bei:<br \\\/>\\u2022 LOGO InfraConsult GmbH, Frankfurt am Main<\\\/p>\\n<\/p>\n<p>Dar\\u00fcber hinaus verwendete Bildquellen:<br \\\/>\\u2022 \\u00a9 iStockphoto LP<br \\\/>\\u2022 \\u00a9 Shutterstock<br \\\/>\\u2022 \\u00a9 Fraport AG &#8211; Bildnutzung bei jeweiligem Projekt gekennzeichnet<br \\\/>\\u2022 \\u00a9 Peter Sondermann\\\/City Luftbilder &#8211; Bildnutzung bei den Projekten der HSRM<br \\\/><br \\\/><\\\/p>&#8220;,&#8221;content_column_breakpoint&#8221;:&#8221;m&#8221;,&#8221;content_en_us&#8221;:&#8221;<\/p>\n<p>The images, photos, and graphics used on this website are protected by copyright.<\\\/p>\\n<\/p>\n<p>Unless otherwise indicated, the image rights are held by:<br \\\/>\\u2022 LOGO InfraConsult GmbH, Frankfurt am Main<\\\/p>\\n<\/p>\n<p>Additional image sources used:<br \\\/>\\u2022 \\u00a9 iStockphoto LP<br \\\/>\\u2022 \\u00a9 Shutterstock<br \\\/>\\u2022 \\u00a9 Fraport AG \\u2013 image use indicated for each project<br \\\/>\\u2022 \\u00a9 Peter Sondermann\\\/City Luftbilder \\u2013 image use for HSRM projects<\\\/p>&#8220;,&#8221;icon_width&#8221;:80,&#8221;image_align&#8221;:&#8221;top&#8221;,&#8221;image_grid_breakpoint&#8221;:&#8221;m&#8221;,&#8221;image_grid_width&#8221;:&#8221;1-2&#8243;,&#8221;image_svg_color&#8221;:&#8221;emphasis&#8221;,&#8221;link_style&#8221;:&#8221;default&#8221;,&#8221;link_text&#8221;:&#8221;Read more&#8221;,&#8221;margin&#8221;:&#8221;large&#8221;,&#8221;meta&#8221;:&#8221;&#8221;,&#8221;meta_align&#8221;:&#8221;above-title&#8221;,&#8221;meta_element&#8221;:&#8221;div&#8221;,&#8221;meta_style&#8221;:&#8221;text-meta&#8221;,&#8221;title&#8221;:&#8221;Bildnachweise&#8221;,&#8221;title_align&#8221;:&#8221;top&#8221;,&#8221;title_element&#8221;:&#8221;div&#8221;,&#8221;title_en_us&#8221;:&#8221;Image credits&#8221;,&#8221;title_grid_breakpoint&#8221;:&#8221;m&#8221;,&#8221;title_grid_width&#8221;:&#8221;1-2&#8243;,&#8221;title_hover_style&#8221;:&#8221;reset&#8221;,&#8221;title_margin&#8221;:&#8221;small&#8221;,&#8221;title_style&#8221;:&#8221;h4&#8243;}},{&#8220;type&#8221;:&#8221;panel&#8221;,&#8221;props&#8221;:{&#8220;content&#8221;:&#8221;<\/p>\n<p>Trotz sorgf\\u00e4ltiger inhaltlicher Kontrolle \\u00fcbernehmen wir keine Haftung f\\u00fcr die Inhalte externer Links. F\\u00fcr den Inhalt der verlinkten Seiten sind ausschlie\\u00dflich deren Betreiber verantwortlich.<\\\/p>&#8220;,&#8221;content_column_breakpoint&#8221;:&#8221;m&#8221;,&#8221;content_en_us&#8221;:&#8221;<\/p>\n<p>Despite careful monitoring of content, we accept no liability for the content of external links. The operators of linked sites are exclusively responsible for their content.<\\\/p>&#8220;,&#8221;icon_width&#8221;:80,&#8221;image_align&#8221;:&#8221;top&#8221;,&#8221;image_grid_breakpoint&#8221;:&#8221;m&#8221;,&#8221;image_grid_width&#8221;:&#8221;1-2&#8243;,&#8221;image_svg_color&#8221;:&#8221;emphasis&#8221;,&#8221;link_style&#8221;:&#8221;default&#8221;,&#8221;link_text&#8221;:&#8221;Read more&#8221;,&#8221;margin&#8221;:&#8221;large&#8221;,&#8221;meta&#8221;:&#8221;&#8221;,&#8221;meta_align&#8221;:&#8221;above-title&#8221;,&#8221;meta_element&#8221;:&#8221;div&#8221;,&#8221;meta_style&#8221;:&#8221;text-meta&#8221;,&#8221;title&#8221;:&#8221;Haftungshinweis&#8221;,&#8221;title_align&#8221;:&#8221;top&#8221;,&#8221;title_element&#8221;:&#8221;div&#8221;,&#8221;title_en_us&#8221;:&#8221;Disclaimer&#8221;,&#8221;title_grid_breakpoint&#8221;:&#8221;m&#8221;,&#8221;title_grid_width&#8221;:&#8221;1-2&#8243;,&#8221;title_hover_style&#8221;:&#8221;reset&#8221;,&#8221;title_margin&#8221;:&#8221;small&#8221;,&#8221;title_style&#8221;:&#8221;h4&#8243;},&#8221;name&#8221;:&#8221;Haftungshinweis&#8221;},{&#8220;type&#8221;:&#8221;headline&#8221;,&#8221;props&#8221;:{&#8220;content&#8221;:&#8221;Konzept, Design und Programmierung:&#8221;,&#8221;content_en_us&#8221;:&#8221;Concept, design and programming:&#8221;,&#8221;title_element&#8221;:&#8221;div&#8221;,&#8221;title_style&#8221;:&#8221;h4&#8243;}},{&#8220;type&#8221;:&#8221;panel&#8221;,&#8221;props&#8221;:{&#8220;content&#8221;:&#8221;<\/p>\n<p><strong>signalfeuer.<\\\/strong> <br \\\/><a href=\\\"https:\\\/\\\/www.signalfeuer.de\\\/webdesign-agentur-frankfurt\\\">Webdesign Agentur Frankfurt<\\\/a> <br \\\/>Mehr Infos: <a href=\\\"https:\\\/\\\/www.signalfeuer.de\\\/webdesign-agentur-frankfurt\\\" target=\\\"_blank\\\" rel=\\\"noopener\\\">www.signalfeuer.de<\\\/a><\\\/p>&#8220;,&#8221;content_column_breakpoint&#8221;:&#8221;m&#8221;,&#8221;content_en_us&#8221;:&#8221;<\/p>\n<p><strong>signalfeuer.<\\\/strong> <br \\\/><a href=\\\"https:\\\/\\\/www.signalfeuer.de\\\/webdesign-agentur-frankfurt\\\">Webdesign Agency Frankfurt<\\\/a> <br \\\/>Further information: <a href=\\\"https:\\\/\\\/www.signalfeuer.de\\\/webdesign-agentur-frankfurt\\\" target=\\\"_blank\\\" rel=\\\"noopener\\\">www.signalfeuer.de<\\\/a><\\\/p>&#8220;,&#8221;height_expand&#8221;:false,&#8221;icon_width&#8221;:80,&#8221;image&#8221;:&#8221;wp-content\\\/uploads\\\/2025\\\/11\\\/avatar-round-inverse.svg&#8221;,&#8221;image_align&#8221;:&#8221;left&#8221;,&#8221;image_alt&#8221;:&#8221;Webdesign Agentur signalfeuer.&#8221;,&#8221;image_border&#8221;:&#8221;rounded&#8221;,&#8221;image_grid_breakpoint&#8221;:&#8221;s&#8221;,&#8221;image_grid_column_gap&#8221;:&#8221;medium&#8221;,&#8221;image_grid_row_gap&#8221;:&#8221;medium&#8221;,&#8221;image_grid_width&#8221;:&#8221;auto&#8221;,&#8221;image_svg_color&#8221;:&#8221;emphasis&#8221;,&#8221;image_vertical_align&#8221;:true,&#8221;image_width&#8221;:70,&#8221;link&#8221;:&#8221;https:\\\/\\\/www.signalfeuer.de\\\/&#8221;,&#8221;link_style&#8221;:&#8221;default&#8221;,&#8221;link_text&#8221;:&#8221;&#8221;,&#8221;margin&#8221;:&#8221;default&#8221;,&#8221;meta_align&#8221;:&#8221;below-title&#8221;,&#8221;meta_element&#8221;:&#8221;div&#8221;,&#8221;meta_style&#8221;:&#8221;text-meta&#8221;,&#8221;panel_link&#8221;:true,&#8221;title&#8221;:&#8221;&#8221;,&#8221;title_align&#8221;:&#8221;top&#8221;,&#8221;title_element&#8221;:&#8221;h3&#8243;,&#8221;title_grid_breakpoint&#8221;:&#8221;m&#8221;,&#8221;title_grid_width&#8221;:&#8221;1-2&#8243;,&#8221;title_hover_style&#8221;:&#8221;reset&#8221;},&#8221;name&#8221;:&#8221;by sf.&#8221;}]},{&#8220;type&#8221;:&#8221;column&#8221;,&#8221;props&#8221;:{&#8220;image_position&#8221;:&#8221;center-center&#8221;,&#8221;position_sticky_breakpoint&#8221;:&#8221;m&#8221;,&#8221;width_medium&#8221;:&#8221;1-4&#8243;}}],&#8221;props&#8221;:{&#8220;layout&#8221;:&#8221;3-4,1-4&#8243;}}],&#8221;name&#8221;:&#8221;Artikel&#8221;}],&#8221;version&#8221;:&#8221;4.5.32&#8243;,&#8221;yooessentialsVersion&#8221;:&#8221;2.4.12&#8243;} &#8211;><\/p>\n","protected":false},"excerpt":{"rendered":"<p>Impressum LOGO InfraConsult GmbH Bessie-Coleman-Stra\u00dfe 7D-60549 Frankfurt am Main Verantwortlich:Andreas Klein, Huascar Rodriguez Vertretungsberechtigte Gesch\u00e4ftsf\u00fchrer:Andreas Klein, Huascar Rodriguez Amtsgericht:Handelsregister Frankfurt am Main, HRB 93639 USt-ID-Nummer:DE282667948 Urheberrechtshinweis Alle Inhalte dieser Website, insbesondere Texte, Fotografien und Grafiken, sind urheberrechtlich gesch\u00fctzt. Sofern nicht anders gekennzeichnet, liegen die Urheberrechte bei der LOGO InfraConsult GmbH. Eine Verwendung der Inhalte bedarf [&hellip;]<\/p>\n","protected":false},"author":1,"featured_media":0,"parent":0,"menu_order":37,"comment_status":"closed","ping_status":"closed","template":"","meta":{"_acf_changed":false,"footnotes":""},"class_list":["post-707","page","type-page","status-publish","hentry"],"acf":[],"_links":{"self":[{"href":"https:\/\/www.logo-infraconsult.de\/en\/wp-json\/wp\/v2\/pages\/707","targetHints":{"allow":["GET"]}}],"collection":[{"href":"https:\/\/www.logo-infraconsult.de\/en\/wp-json\/wp\/v2\/pages"}],"about":[{"href":"https:\/\/www.logo-infraconsult.de\/en\/wp-json\/wp\/v2\/types\/page"}],"author":[{"embeddable":true,"href":"https:\/\/www.logo-infraconsult.de\/en\/wp-json\/wp\/v2\/users\/1"}],"replies":[{"embeddable":true,"href":"https:\/\/www.logo-infraconsult.de\/en\/wp-json\/wp\/v2\/comments?post=707"}],"version-history":[{"count":14,"href":"https:\/\/www.logo-infraconsult.de\/en\/wp-json\/wp\/v2\/pages\/707\/revisions"}],"predecessor-version":[{"id":4736,"href":"https:\/\/www.logo-infraconsult.de\/en\/wp-json\/wp\/v2\/pages\/707\/revisions\/4736"}],"wp:attachment":[{"href":"https:\/\/www.logo-infraconsult.de\/en\/wp-json\/wp\/v2\/media?parent=707"}],"curies":[{"name":"wp","href":"https:\/\/api.w.org\/{rel}","templated":true}]}}