{"id":686,"date":"2025-09-17T12:43:23","date_gmt":"2025-09-17T10:43:23","guid":{"rendered":"https:\/\/p697602.webspaceconfig.de\/wordpress\/?page_id=686"},"modified":"2026-02-25T09:23:30","modified_gmt":"2026-02-25T08:23:30","slug":"immobilien","status":"publish","type":"page","link":"https:\/\/www.logo-infraconsult.de\/en\/projects\/real-estate\/","title":{"rendered":"Logistic and Transport"},"content":{"rendered":"<div>\n<div>Logistik &#038; Transport<\/div>\n<\/div>\n<div>\n<h1>Referenzen aus Logistik &#038; Transport<\/h1>\n<p>PLANUNG &#8211; STEUERUNG &#8211; OPTIMIERUNG<\/p>\n<div>\n<p>In der Welt von Logistik &amp; Transport ist Stillstand keine Option. Geb\u00e4ude in diesem Sektor m\u00fcssen heute echte Allesk\u00f6nner\u00a0 sein: Sie managen eine enorme Nutzerfrequenz, bilden hochkomplexe Workflows ab und m\u00fcssen gleichzeitig smart genug sein, um mit dem Wandel von morgen mitzuhalten.<\/p>\n<p>Dabei konzentrieren wir uns auf drei S\u00e4ulen:<\/p>\n<ul>\n<li><b>Prozesspr\u00e4zision:<\/b> Wir entwickeln Infrastrukturen, die den Waren- und Informationsfluss beschleunigen, statt ihn zu bremsen.<\/li>\n<li><b>Nutzerorientierung:<\/b> Intelligente Fl\u00e4chenkonzepte bringen unterschiedlichste Anforderungen auf engem Raum zusammen.<\/li>\n<li><b>Zukunftsf\u00e4higkeit:<\/b> Durch modulare und flexible Bauweisen sichern wir die Drittverwendbarkeit und Anpassungsf\u00e4higkeit an den dynamischen Marktwandel.<\/li>\n<\/ul>\n<\/div>\n<\/div>\n<div>\n<\/div>\n<p><!--more--><br \/>\n<!-- {\"type\":\"layout\",\"children\":[{\"type\":\"section\",\"props\":{\"class\":\"hero-image\",\"height\":\"pixels\",\"height_offset_top\":false,\"height_viewport\":300,\"image\":\"wp-content\\\/uploads\\\/2026\\\/02\\\/Transport_Logistik_Branche_orig-scaled.jpeg\",\"image_height\":700,\"image_position\":\"center-center\",\"image_size\":\"cover\",\"image_width\":1920,\"media_overlay_gradient\":\"linear-gradient(180deg, rgba(0, 0, 0, 0) 60%, rgba(0, 0, 0, 0.4) 100%)\",\"padding_remove_bottom\":false,\"style\":\"primary\",\"title_breakpoint\":\"xl\",\"title_position\":\"top-left\",\"title_rotation\":\"left\",\"vertical_align\":\"\",\"width\":\"large\"},\"children\":[{\"type\":\"row\",\"children\":[{\"type\":\"column\",\"props\":{\"image_position\":\"center-center\",\"position_sticky_breakpoint\":\"m\"},\"children\":[{\"type\":\"panel\",\"props\":{\"class\":\"badge-bubble\",\"content\":\"\",\"content_column_breakpoint\":\"m\",\"content_margin\":\"remove\",\"height_expand\":false,\"icon_width\":80,\"image_align\":\"top\",\"image_grid_breakpoint\":\"m\",\"image_grid_width\":\"1-2\",\"image_svg_color\":\"emphasis\",\"link\":\"#\",\"link_margin\":\"small\",\"link_style\":\"\",\"link_text\":\"Mehr <span class=\\\"uk-icon\\\" uk-icon=\\\"chevron-right\\\"><\\\/span>\",\"margin\":\"default\",\"meta\":\"Inhouse-Trainings?\",\"meta_align\":\"below-title\",\"meta_element\":\"div\",\"meta_margin\":\"remove\",\"meta_style\":\"\",\"panel_link\":true,\"position\":\"absolute\",\"position_right\":\"0\",\"position_top\":\"0\",\"position_z_index\":\"3\",\"status\":\"disabled\",\"text_align\":\"center\",\"title\":\"Wunsch nach\",\"title_align\":\"top\",\"title_element\":\"div\",\"title_grid_breakpoint\":\"m\",\"title_grid_width\":\"1-2\",\"title_hover_style\":\"reset\",\"title_margin\":\"remove\"},\"name\":\"Badge\"},{\"type\":\"panel\",\"props\":{\"content\":\"\",\"content_column_breakpoint\":\"m\",\"content_margin\":\"small\",\"content_style\":\"text-lead\",\"icon_width\":80,\"image_align\":\"top\",\"image_grid_breakpoint\":\"m\",\"image_grid_width\":\"1-2\",\"image_svg_color\":\"emphasis\",\"link_style\":\"default\",\"link_text\":\"Read more\",\"margin\":\"default\",\"maxwidth\":\"2xlarge\",\"meta_align\":\"below-title\",\"meta_element\":\"div\",\"meta_style\":\"text-meta\",\"position\":\"absolute\",\"position_bottom\":\"0\",\"title\":\"Logistik & Transport\",\"title_align\":\"top\",\"title_element\":\"div\",\"title_en_us\":\"Logistics & Transport\",\"title_font_family\":\"secondary\",\"title_grid_breakpoint\":\"m\",\"title_grid_width\":\"1-2\",\"title_hover_style\":\"reset\",\"title_style\":\"heading-large\"},\"name\":\"Titel & Leadtext\"}]}]}],\"name\":\"Hero Image\"},{\"type\":\"section\",\"props\":{\"height\":\"page\",\"image_position\":\"center-center\",\"padding\":\"large\",\"style\":\"default\",\"title_breakpoint\":\"xl\",\"title_position\":\"top-left\",\"title_rotation\":\"left\",\"vertical_align\":\"middle\",\"width\":\"large\"},\"children\":[{\"type\":\"row\",\"children\":[{\"type\":\"column\",\"props\":{\"image_position\":\"center-center\",\"position_sticky_breakpoint\":\"m\"},\"children\":[{\"type\":\"panel\",\"props\":{\"content\":\"\n\n<p>In der Welt von Logistik &amp; Transport ist Stillstand keine Option. Geb\\u00e4ude in diesem Sektor m\\u00fcssen heute echte Allesk\\u00f6nner\\u00a0 sein: Sie managen eine enorme Nutzerfrequenz, bilden hochkomplexe Workflows ab und m\\u00fcssen gleichzeitig smart genug sein, um mit dem Wandel von morgen mitzuhalten.<\\\/p>\\n\n\n<p>Dabei konzentrieren wir uns auf drei S\\u00e4ulen:<\\\/p>\\n\n\n<ul>\\n\n\n<li><b>Prozesspr\\u00e4zision:<\\\/b> Wir entwickeln Infrastrukturen, die den Waren- und Informationsfluss beschleunigen, statt ihn zu bremsen.<\\\/li>\\n\n\n<li><b>Nutzerorientierung:<\\\/b> Intelligente Fl\\u00e4chenkonzepte bringen unterschiedlichste Anforderungen auf engem Raum zusammen.<\\\/li>\\n\n\n<li><b>Zukunftsf\\u00e4higkeit:<\\\/b> Durch modulare und flexible Bauweisen sichern wir die Drittverwendbarkeit und Anpassungsf\\u00e4higkeit an den dynamischen Marktwandel.<\\\/li>\\n<\\\/ul>\",\"content_column_breakpoint\":\"m\",\"content_en_us\":\"\n\n<p>In the world of logistics and transportation, standing still is not an option. <!--StartFragment --><span class=\\\"cf0\\\">Buildings in this sector must be true multi-functional assets: managing high user volumes, supporting highly complex workflows, and remaining adaptable to meet tomorrow\\u2019s requirements.<\\\/span><!--EndFragment --><\\\/p>\\n<\/p>\n<p>We focus on three pillars:<\\\/p>\\n<\/p>\n<ul>\\n<\/p>\n<li><!--StartFragment --><span class=\\\"cf0\\\">Process precision:<\\\/span><!--EndFragment --> We develop infrastructures that accelerate the flow of goods and information instead of slowing it down.<\\\/li>\\n\n<li><!--StartFragment --><span class=\\\"cf0\\\">User focus: Smart space concepts integrate diverse requirements within limited space.<\\\/span><!--EndFragment --><\\\/li>\\n\n<li><!--StartFragment --><span class=\\\"cf0\\\">Future readiness:<\\\/span><!--EndFragment --> Our modular and flexible designs ensure third-party usability and adaptability to dynamic market changes.<\\\/li>\\n<\\\/ul>&#8220;,&#8221;content_margin&#8221;:&#8221;small&#8221;,&#8221;content_style&#8221;:&#8221;text-lead&#8221;,&#8221;icon_width&#8221;:80,&#8221;image_align&#8221;:&#8221;top&#8221;,&#8221;image_grid_breakpoint&#8221;:&#8221;m&#8221;,&#8221;image_grid_width&#8221;:&#8221;1-2&#8243;,&#8221;image_svg_color&#8221;:&#8221;emphasis&#8221;,&#8221;link_style&#8221;:&#8221;default&#8221;,&#8221;link_text&#8221;:&#8221;Read more&#8221;,&#8221;margin&#8221;:&#8221;default&#8221;,&#8221;meta&#8221;:&#8221;PLANUNG &#8211; STEUERUNG &#8211; OPTIMIERUNG&#8221;,&#8221;meta_align&#8221;:&#8221;above-title&#8221;,&#8221;meta_element&#8221;:&#8221;div&#8221;,&#8221;meta_en_us&#8221;:&#8221;PLANNING \\u2013 MANAGEMENT \\u2013 OPTIMIZATION&#8221;,&#8221;meta_style&#8221;:&#8221;text-meta&#8221;,&#8221;title&#8221;:&#8221;Referenzen aus Logistik &#038; Transport&#8221;,&#8221;title_align&#8221;:&#8221;top&#8221;,&#8221;title_element&#8221;:&#8221;h1&#8243;,&#8221;title_en_us&#8221;:&#8221;References from Logistics &#038; Transport&#8221;,&#8221;title_grid_breakpoint&#8221;:&#8221;m&#8221;,&#8221;title_grid_width&#8221;:&#8221;1-2&#8243;,&#8221;title_hover_style&#8221;:&#8221;reset&#8221;,&#8221;title_margin&#8221;:&#8221;small&#8221;,&#8221;title_style&#8221;:&#8221;h1&#8243;}},{&#8220;type&#8221;:&#8221;grid&#8221;,&#8221;props&#8221;:{&#8220;content_align&#8221;:false,&#8221;content_column_breakpoint&#8221;:&#8221;m&#8221;,&#8221;content_margin&#8221;:&#8221;small&#8221;,&#8221;filter_align&#8221;:&#8221;left&#8221;,&#8221;filter_all&#8221;:true,&#8221;filter_grid_breakpoint&#8221;:&#8221;m&#8221;,&#8221;filter_grid_width&#8221;:&#8221;auto&#8221;,&#8221;filter_position&#8221;:&#8221;top&#8221;,&#8221;filter_style&#8221;:&#8221;tab&#8221;,&#8221;grid_column_align&#8221;:false,&#8221;grid_column_gap&#8221;:&#8221;medium&#8221;,&#8221;grid_default&#8221;:&#8221;1&#8243;,&#8221;grid_large&#8221;:&#8221;3&#8243;,&#8221;grid_medium&#8221;:&#8221;3&#8243;,&#8221;grid_parallax_justify&#8221;:false,&#8221;grid_row_align&#8221;:false,&#8221;grid_row_gap&#8221;:&#8221;medium&#8221;,&#8221;grid_small&#8221;:&#8221;2&#8243;,&#8221;icon_width&#8221;:80,&#8221;image_align&#8221;:&#8221;top&#8221;,&#8221;image_grid_breakpoint&#8221;:&#8221;m&#8221;,&#8221;image_grid_width&#8221;:&#8221;1-2&#8243;,&#8221;image_height&#8221;:500,&#8221;image_svg_color&#8221;:&#8221;emphasis&#8221;,&#8221;image_width&#8221;:800,&#8221;item_animation&#8221;:true,&#8221;lightbox_bg_close&#8221;:true,&#8221;link_aria_label&#8221;:&#8221;Zur Projektseite&#8221;,&#8221;link_style&#8221;:&#8221;default&#8221;,&#8221;link_text&#8221;:&#8221;Projektdetails&#8221;,&#8221;margin&#8221;:&#8221;large&#8221;,&#8221;margin_remove_bottom&#8221;:false,&#8221;meta_align&#8221;:&#8221;below-title&#8221;,&#8221;meta_element&#8221;:&#8221;div&#8221;,&#8221;meta_style&#8221;:&#8221;text-meta&#8221;,&#8221;panel_expand&#8221;:&#8221;content&#8221;,&#8221;panel_image_no_padding&#8221;:true,&#8221;panel_link&#8221;:true,&#8221;panel_link_hover&#8221;:true,&#8221;panel_padding&#8221;:&#8221;small&#8221;,&#8221;panel_style&#8221;:&#8221;card-default&#8221;,&#8221;show_content&#8221;:true,&#8221;show_hover_image&#8221;:false,&#8221;show_hover_video&#8221;:false,&#8221;show_image&#8221;:true,&#8221;show_link&#8221;:true,&#8221;show_meta&#8221;:true,&#8221;show_title&#8221;:true,&#8221;show_video&#8221;:false,&#8221;title_align&#8221;:&#8221;top&#8221;,&#8221;title_element&#8221;:&#8221;div&#8221;,&#8221;title_grid_breakpoint&#8221;:&#8221;m&#8221;,&#8221;title_grid_width&#8221;:&#8221;1-2&#8243;,&#8221;title_hover_style&#8221;:&#8221;reset&#8221;,&#8221;title_margin&#8221;:&#8221;remove&#8221;,&#8221;title_style&#8221;:&#8221;h5&#8243;},&#8221;children&#8221;:[{&#8220;type&#8221;:&#8221;grid_item&#8221;,&#8221;props&#8221;:{&#8220;link_text_en_us&#8221;:&#8221;Project details&#8221;},&#8221;source&#8221;:{&#8220;query&#8221;:{&#8220;name&#8221;:&#8221;projekts.customProjekts&#8221;,&#8221;arguments&#8221;:{&#8220;terms&#8221;:[16],&#8221;projekt_kategorie_operator&#8221;:&#8221;IN&#8221;,&#8221;users&#8221;:[],&#8221;users_operator&#8221;:&#8221;IN&#8221;,&#8221;offset&#8221;:0,&#8221;limit&#8221;:100,&#8221;order&#8221;:&#8221;menu_order&#8221;,&#8221;order_direction&#8221;:&#8221;DESC&#8221;}}},&#8221;source_extended&#8221;:{&#8220;props&#8221;:{&#8220;title&#8221;:{&#8220;query&#8221;:{&#8220;name&#8221;:&#8221;#node&#8221;},&#8221;name&#8221;:&#8221;field.projekte_headline&#8221;},&#8221;content&#8221;:{&#8220;query&#8221;:{&#8220;name&#8221;:&#8221;#node&#8221;},&#8221;name&#8221;:&#8221;field.projekte_einleitung&#8221;},&#8221;image&#8221;:{&#8220;query&#8221;:{&#8220;name&#8221;:&#8221;#node&#8221;},&#8221;name&#8221;:&#8221;featuredImage.url&#8221;},&#8221;image_alt&#8221;:{&#8220;query&#8221;:{&#8220;name&#8221;:&#8221;#node&#8221;},&#8221;name&#8221;:&#8221;featuredImage.alt&#8221;},&#8221;link&#8221;:{&#8220;query&#8221;:{&#8220;name&#8221;:&#8221;#node&#8221;},&#8221;name&#8221;:&#8221;link&#8221;}}}}]}]}]}],&#8221;name&#8221;:&#8221;Intro &#8211; Sektion&#8221;}],&#8221;version&#8221;:&#8221;4.5.32&#8243;,&#8221;yooessentialsVersion&#8221;:&#8221;2.4.12&#8243;} &#8211;><br \/>\n","protected":false},"excerpt":{"rendered":"<p>Logistik &#038; Transport Referenzen aus Logistik &#038; Transport PLANUNG &#8211; STEUERUNG &#8211; OPTIMIERUNG In der Welt von Logistik &amp; Transport ist Stillstand keine Option. Geb\u00e4ude in diesem Sektor m\u00fcssen heute echte Allesk\u00f6nner\u00a0 sein: Sie managen eine enorme Nutzerfrequenz, bilden hochkomplexe Workflows ab und m\u00fcssen gleichzeitig smart genug sein, um mit dem Wandel von morgen mitzuhalten. [&hellip;]<\/p>\n","protected":false},"author":1,"featured_media":0,"parent":649,"menu_order":54,"comment_status":"closed","ping_status":"closed","template":"","meta":{"_acf_changed":false,"footnotes":""},"class_list":["post-686","page","type-page","status-publish","hentry"],"acf":[],"_links":{"self":[{"href":"https:\/\/www.logo-infraconsult.de\/en\/wp-json\/wp\/v2\/pages\/686","targetHints":{"allow":["GET"]}}],"collection":[{"href":"https:\/\/www.logo-infraconsult.de\/en\/wp-json\/wp\/v2\/pages"}],"about":[{"href":"https:\/\/www.logo-infraconsult.de\/en\/wp-json\/wp\/v2\/types\/page"}],"author":[{"embeddable":true,"href":"https:\/\/www.logo-infraconsult.de\/en\/wp-json\/wp\/v2\/users\/1"}],"replies":[{"embeddable":true,"href":"https:\/\/www.logo-infraconsult.de\/en\/wp-json\/wp\/v2\/comments?post=686"}],"version-history":[{"count":28,"href":"https:\/\/www.logo-infraconsult.de\/en\/wp-json\/wp\/v2\/pages\/686\/revisions"}],"predecessor-version":[{"id":4614,"href":"https:\/\/www.logo-infraconsult.de\/en\/wp-json\/wp\/v2\/pages\/686\/revisions\/4614"}],"up":[{"embeddable":true,"href":"https:\/\/www.logo-infraconsult.de\/en\/wp-json\/wp\/v2\/pages\/649"}],"wp:attachment":[{"href":"https:\/\/www.logo-infraconsult.de\/en\/wp-json\/wp\/v2\/media?parent=686"}],"curies":[{"name":"wp","href":"https:\/\/api.w.org\/{rel}","templated":true}]}}