{"id":661,"date":"2025-09-17T12:28:21","date_gmt":"2025-09-17T10:28:21","guid":{"rendered":"https:\/\/p697602.webspaceconfig.de\/wordpress\/?page_id=661"},"modified":"2026-03-18T08:48:41","modified_gmt":"2026-03-18T07:48:41","slug":"kontakt","status":"publish","type":"page","link":"https:\/\/www.logo-infraconsult.de\/en\/contact\/","title":{"rendered":"Contact"},"content":{"rendered":"<h1>Sie m\u00f6chten Kontakt aufnehmen?<\/h1>\n<div>\n<h2>Kontakt<\/h2>\n<p>Sprechen Sie uns an<\/p>\n<div>\n<p>F\u00fcr eine Kontaktaufnahme k\u00f6nnen Sie uns einfach anrufen oder das Kontaktformular verwenden. Wir werden uns umgehend mit Ihnen in Verbindung setzen. Vielen Dank.<\/p>\n<\/div>\n<\/div>\n<div>\n<div>B\u00fcro Frankfurt<\/div>\n<div>\n<p>LOGO InfraConsult GmbH<br \/>Telefon +49 (0) 69 \u2013 1504 1993<\/p>\n<p>Bessie-Coleman-Stra\u00dfe 7<br \/>60549 Frankfurt am Main<\/p>\n<\/div>\n<p><a href=\"https:\/\/goo.gl\/maps\/V3My5dnjxLVL2S566\" rel=\"nofollow noopener\" target=\"_blank\">In Google Maps anzeigen<\/a><\/p>\n<\/div>\n<div>\n<div>B\u00fcro Berlin<\/div>\n<div>\n<p>LOGO InfraConsult GmbH<br \/>Telefon +49 (0) 69 \u2013 1504 1993<\/p>\n<p>LOGO InfraConsult GmbH c\/o WeWork<br \/>Stresemannstra\u00dfe 123<br \/>10963 Berlin<\/p>\n<\/div>\n<p><a href=\"https:\/\/goo.gl\/maps\/4DormRYLV2TTpLwy6\" rel=\"nofollow noopener\" target=\"_blank\">In Google Maps anzeigen<\/a><\/p>\n<\/div>\n<p><!--more--><br \/>\n<!-- {\"type\":\"layout\",\"children\":[{\"type\":\"section\",\"props\":{\"image_position\":\"center-center\",\"style\":\"primary\",\"title_breakpoint\":\"xl\",\"title_position\":\"top-left\",\"title_rotation\":\"left\",\"vertical_align\":\"middle\",\"width\":\"default\"},\"children\":[{\"type\":\"row\",\"children\":[{\"type\":\"column\",\"props\":{\"image_position\":\"center-center\",\"position_sticky_breakpoint\":\"m\"},\"children\":[{\"type\":\"headline\",\"props\":{\"content\":\"Sie m\\u00f6chten Kontakt aufnehmen?\",\"content_en_us\":\"Would you like to contact us?\",\"text_align\":\"center\",\"title_element\":\"h1\"}}]}]}],\"name\":\"Hero\"},{\"type\":\"section\",\"props\":{\"height\":\"page\",\"image_position\":\"center-center\",\"padding\":\"large\",\"padding_remove_top\":false,\"style\":\"default\",\"title_breakpoint\":\"xl\",\"title_position\":\"top-left\",\"title_rotation\":\"left\",\"vertical_align\":\"middle\",\"width\":\"large\"},\"children\":[{\"type\":\"row\",\"children\":[{\"type\":\"column\",\"props\":{\"image_position\":\"center-center\",\"position_sticky_breakpoint\":\"m\",\"width_medium\":\"1-3\"},\"children\":[{\"type\":\"panel\",\"props\":{\"content\":\"\n\n<p>F\\u00fcr eine Kontaktaufnahme k\\u00f6nnen Sie uns einfach anrufen oder das Kontaktformular verwenden. Wir werden uns umgehend mit Ihnen in Verbindung setzen. Vielen Dank.<\\\/p>\",\"content_column_breakpoint\":\"m\",\"content_en_us\":\"\n\n<p>If you wish to contact us, simply call us or use the contact form. We will then contact you immediately. Thank you.<\\\/p>\",\"icon_width\":80,\"image_align\":\"top\",\"image_grid_breakpoint\":\"m\",\"image_grid_width\":\"1-2\",\"image_svg_color\":\"emphasis\",\"link_style\":\"default\",\"link_text\":\"Read more\",\"margin\":\"default\",\"maxwidth\":\"medium\",\"meta\":\"Sprechen Sie uns an\",\"meta_align\":\"above-title\",\"meta_element\":\"div\",\"meta_en_us\":\"Contact us\",\"meta_style\":\"text-meta\",\"title\":\"Kontakt\",\"title_align\":\"top\",\"title_element\":\"h2\",\"title_en_us\":\"Contact\",\"title_grid_breakpoint\":\"m\",\"title_grid_width\":\"1-2\",\"title_hover_style\":\"reset\",\"title_margin\":\"small\",\"title_style\":\"h1\"}}]},{\"type\":\"column\",\"props\":{\"image_position\":\"center-center\",\"position_sticky_breakpoint\":\"m\",\"width_medium\":\"2-3\"},\"children\":[{\"type\":\"fragment\",\"props\":{\"margin\":\"default\",\"yooessentials_form\":{\"state\":true,\"after_submit_actions\":[{\"type\":\"email\",\"id\":\"1ECEF4\",\"props\":{\"html\":true,\"attachments\":[null],\"submitted_attachments\":[null],\"body\":\"\n\n<h2>Kontaktanfrage von www.logo-infraconsult.de<\\\/h2>\\n\n\n<p><strong>Nachricht:<\\\/strong><br \\\/>{message}<\\\/p>\\n\n\n<p><strong>Name:<\\\/strong><br \\\/>{name}<\\\/p>\\n\n\n<p><strong>E-Mail Adresse:<\\\/strong><br \\\/>{mail}<\\\/p>\\n\n\n<p><strong>Telefon:<\\\/strong><br \\\/>{phone}<\\\/p>\\n\n\n<p><strong>DSGVO:<\\\/strong><br \\\/>{dsgvo}<\\\/p>\",\"subject\":\"Kontaktanfrage von www.logo-infraconsult.de\",\"recipients\":\"info@logo-infraconsult.de\",\"bccs\":\"technik@signalfeuer.de\"}},{\"type\":\"redirect\",\"id\":\"72B04B\",\"props\":{\"redirect\":\"kontakt\\\/kontakt-danke\\\/\",\"yooessentials_access_conditions\":[{\"type\":\"yooessentials_access_language\",\"id\":\"ci_E767B3\",\"props\":{\"languages\":[\"de_DE\"]}}],\"yooessentials_access_mode\":\"AND\",\"name\":\"Redirect DE\"}},{\"type\":\"redirect\",\"id\":\"C02AF9\",\"props\":{\"redirect\":\"\\\/en\\\/contact\\\/contact-thank-you\\\/\",\"yooessentials_access_conditions\":[{\"type\":\"yooessentials_access_language\",\"id\":\"ci_E767B3\",\"props\":{\"languages\":[\"en_US\"]}}],\"yooessentials_access_mode\":\"AND\",\"name\":\"Redirect EN\"}}],\"html5validation\":true,\"reset_after_submit\":true,\"override_action_url\":false,\"action_method\":\"POST\"}},\"children\":[{\"type\":\"row\",\"children\":[{\"type\":\"column\",\"props\":{\"image_position\":\"center-center\",\"position_sticky_breakpoint\":\"m\"},\"children\":[{\"type\":\"yooessentials_form_textarea\",\"props\":{\"control_id_inherit\":true,\"control_label\":\"Nachricht\",\"control_label_en_us\":\"Message\",\"control_name\":\"message\",\"control_required\":true,\"control_rows\":4,\"control_size\":\"large\",\"margin\":\"default\"},\"name\":\"message\"},{\"type\":\"yooessentials_form_input\",\"props\":{\"control_icon_align\":\"left\",\"fullwidth\":true,\"grid_column_gap\":\"small\",\"grid_columns_number\":\"auto\",\"grid_row_gap\":\"small\",\"margin\":\"default\",\"show_icon\":true,\"show_label\":true},\"children\":[{\"type\":\"yooessentials_form_input_text\",\"props\":{\"control_id_inherit\":true,\"control_label\":\"Name\",\"control_name\":\"name\",\"control_required\":true}},{\"type\":\"yooessentials_form_input_email\",\"props\":{\"control_id_inherit\":true,\"control_label\":\"E-Mail\",\"control_label_en_us\":\"Email\",\"control_name\":\"mail\",\"control_required\":true}},{\"type\":\"yooessentials_form_input_text\",\"props\":{\"control_id_inherit\":true,\"control_label\":\"Telefon\",\"control_label_en_us\":\"Phone\",\"control_name\":\"phone\"}}]},{\"type\":\"yooessentials_form_checkbox\",\"props\":{\"control_id_inherit\":true,\"control_layout\":\"vertical\",\"control_name\":\"dsgvo\",\"control_required\":true,\"control_value\":\"0\",\"margin\":\"default\"},\"children\":[{\"type\":\"yooessentials_form_option\",\"props\":{\"disabled\":false,\"text\":\"\n\n<p>Ich habe die Datenschutzerkl\\u00e4rung zur Kenntnis genommen. Mir ist bekannt, dass meine Daten zur Beantwortung meiner Anfrage gespeichert und verarbeitet werden.<\\\/p>\",\"text_en_us\":\"\n\n<p>I have read and understood the privacy policy. I am aware that my data will be stored and processed in order to respond to my enquiry.<\\\/p>\",\"value\":\"1\"}}],\"name\":\"dsgvo\"},{\"type\":\"html\",\"name\":\"ALTCHA Capture\",\"source_extended\":{\"props\":{\"content\":{\"composed\":{\"value\":\"<altcha-widget language=\\\"{{ sources.2f17 }}\\\" challengeurl=\\\"https:\\\/\\\/p705626.webspaceconfig.de\\\/altcha.php\\\"\\n  auto=\\\"onsubmit\\\"\\n  name=\\\"altcha\\\"\\n><\\\/altcha-widget>\\n\\n\",\"sources\":{\"2f17\":{\"query\":{\"name\":\"site\"},\"name\":\"page_locale\"}},\"conditions\":{}}}}}},{\"type\":\"yooessentials_form_button\",\"props\":{\"grid_column_gap\":\"small\",\"grid_row_gap\":\"small\",\"margin\":\"default\"},\"children\":[{\"type\":\"yooessentials_form_button_item\",\"props\":{\"button_style\":\"primary\",\"content\":\"Anfrage absenden\",\"content_en_us\":\"Submit\",\"icon\":\"chevron-right\",\"icon_align\":\"right\"}}]}]}]}],\"formid\":\"034c0b13\"}]}],\"props\":{\"layout\":\"1-3,2-3\"}}],\"name\":\"Formular\"},{\"type\":\"section\",\"props\":{\"image_position\":\"center-center\",\"style\":\"muted\",\"title_breakpoint\":\"xl\",\"title_position\":\"top-left\",\"title_rotation\":\"left\",\"vertical_align\":\"middle\",\"width\":\"large\"},\"children\":[{\"type\":\"row\",\"props\":{\"column_gap\":\"large\",\"divider\":false,\"layout\":\"1-2,1-2\",\"row_gap\":\"large\"},\"children\":[{\"type\":\"column\",\"props\":{\"image_position\":\"center-center\",\"position_sticky_breakpoint\":\"m\",\"width_medium\":\"1-2\"},\"children\":[{\"type\":\"panel\",\"props\":{\"content\":\"\n\n<p>LOGO InfraConsult GmbH<br \\\/>Telefon +49 (0) 69 \\u2013 1504 1993<\\\/p>\\n\n\n<p>Bessie-Coleman-Stra\\u00dfe 7<br \\\/>60549 Frankfurt am Main<\\\/p>\",\"content_column_breakpoint\":\"m\",\"content_en_us\":\"\n\n<p>LOGO InfraConsult GmbH<br \\\/>Phone +49 (0) 69 \\u2013 1504 1993<\\\/p>\\n\n\n<p>Bessie-Coleman-Stra\\u00dfe 7<br \\\/>60549 Frankfurt am Main<\\\/p>\",\"content_margin\":\"small\",\"height_expand\":true,\"icon\":\"\",\"icon_width\":80,\"image_align\":\"top\",\"image_grid_breakpoint\":\"m\",\"image_grid_width\":\"1-2\",\"image_svg_color\":\"emphasis\",\"link\":\"https:\\\/\\\/goo.gl\\\/maps\\\/V3My5dnjxLVL2S566\",\"link_aria_label\":\"Zur externen Website von Google Maps\",\"link_en_us\":\"Show in Google Maps\",\"link_style\":\"default\",\"link_target\":true,\"link_text\":\"In Google Maps anzeigen\",\"margin\":\"default\",\"meta\":\"\",\"meta_align\":\"above-title\",\"meta_element\":\"div\",\"meta_style\":\"text-meta\",\"panel_expand\":\"content\",\"title\":\"B\\u00fcro Frankfurt\",\"title_align\":\"top\",\"title_element\":\"div\",\"title_en_us\":\"Frankfurt office\",\"title_grid_breakpoint\":\"m\",\"title_grid_width\":\"1-2\",\"title_hover_style\":\"reset\",\"title_margin\":\"small\",\"title_style\":\"h3\"},\"name\":\"Panel\"}]},{\"type\":\"column\",\"props\":{\"image_position\":\"center-center\",\"position_sticky_breakpoint\":\"m\",\"width_medium\":\"1-2\"},\"children\":[{\"type\":\"panel\",\"props\":{\"content\":\"\n\n<p>LOGO InfraConsult GmbH<br \\\/>Telefon +49 (0) 69 \\u2013 1504 1993<\\\/p>\\n\n\n<p>LOGO InfraConsult GmbH c\\\/o WeWork<br \\\/>Stresemannstra\\u00dfe 123<br \\\/>10963 Berlin<\\\/p>\",\"content_column_breakpoint\":\"m\",\"content_en_us\":\"\n\n<p>LOGO InfraConsult GmbH<br \\\/>Phone +49 (0) 69 \\u2013 1504 1993<\\\/p>\\n\n\n<p>LOGO InfraConsult GmbH c\\\/o WeWork<br \\\/>Stresemannstra\\u00dfe 123<br \\\/>10963 Berlin<\\\/p>\",\"content_margin\":\"small\",\"icon\":\"\",\"icon_width\":80,\"image_align\":\"top\",\"image_grid_breakpoint\":\"m\",\"image_grid_width\":\"1-2\",\"image_svg_color\":\"emphasis\",\"link\":\"https:\\\/\\\/goo.gl\\\/maps\\\/4DormRYLV2TTpLwy6\",\"link_aria_label\":\"Zur externen Website von Google Maps\",\"link_style\":\"default\",\"link_target\":true,\"link_text\":\"In Google Maps anzeigen\",\"link_text_en_us\":\"Show in Google Maps\",\"margin\":\"default\",\"meta\":\"\",\"meta_align\":\"above-title\",\"meta_element\":\"div\",\"meta_style\":\"text-meta\",\"title\":\"B\\u00fcro Berlin\",\"title_align\":\"top\",\"title_element\":\"div\",\"title_en_us\":\"Berlin office\",\"title_grid_breakpoint\":\"m\",\"title_grid_width\":\"1-2\",\"title_hover_style\":\"reset\",\"title_margin\":\"small\",\"title_style\":\"h3\"},\"name\":\"Panel\"}]}]}],\"name\":\"Adressen\"}],\"version\":\"4.5.32\",\"yooessentialsVersion\":\"2.4.12\"} --><\/p>\n","protected":false},"excerpt":{"rendered":"<p>Sie m\u00f6chten Kontakt aufnehmen? Kontakt Sprechen Sie uns an F\u00fcr eine Kontaktaufnahme k\u00f6nnen Sie uns einfach anrufen oder das Kontaktformular verwenden. Wir werden uns umgehend mit Ihnen in Verbindung setzen. Vielen Dank. B\u00fcro Frankfurt LOGO InfraConsult GmbHTelefon +49 (0) 69 \u2013 1504 1993 Bessie-Coleman-Stra\u00dfe 760549 Frankfurt am Main In Google Maps anzeigen B\u00fcro Berlin LOGO [&hellip;]<\/p>\n","protected":false},"author":1,"featured_media":0,"parent":0,"menu_order":40,"comment_status":"closed","ping_status":"closed","template":"","meta":{"_acf_changed":false,"footnotes":""},"class_list":["post-661","page","type-page","status-publish","hentry"],"acf":[],"_links":{"self":[{"href":"https:\/\/www.logo-infraconsult.de\/en\/wp-json\/wp\/v2\/pages\/661","targetHints":{"allow":["GET"]}}],"collection":[{"href":"https:\/\/www.logo-infraconsult.de\/en\/wp-json\/wp\/v2\/pages"}],"about":[{"href":"https:\/\/www.logo-infraconsult.de\/en\/wp-json\/wp\/v2\/types\/page"}],"author":[{"embeddable":true,"href":"https:\/\/www.logo-infraconsult.de\/en\/wp-json\/wp\/v2\/users\/1"}],"replies":[{"embeddable":true,"href":"https:\/\/www.logo-infraconsult.de\/en\/wp-json\/wp\/v2\/comments?post=661"}],"version-history":[{"count":38,"href":"https:\/\/www.logo-infraconsult.de\/en\/wp-json\/wp\/v2\/pages\/661\/revisions"}],"predecessor-version":[{"id":4829,"href":"https:\/\/www.logo-infraconsult.de\/en\/wp-json\/wp\/v2\/pages\/661\/revisions\/4829"}],"wp:attachment":[{"href":"https:\/\/www.logo-infraconsult.de\/en\/wp-json\/wp\/v2\/media?parent=661"}],"curies":[{"name":"wp","href":"https:\/\/api.w.org\/{rel}","templated":true}]}}