{"id":655,"date":"2025-09-17T12:27:55","date_gmt":"2025-09-17T10:27:55","guid":{"rendered":"https:\/\/p697602.webspaceconfig.de\/wordpress\/?page_id=655"},"modified":"2026-02-25T08:56:09","modified_gmt":"2026-02-25T07:56:09","slug":"aktuelles","status":"publish","type":"page","link":"https:\/\/www.logo-infraconsult.de\/en\/news\/","title":{"rendered":"News"},"content":{"rendered":"<div>Aktuelle Themen<\/div>\n<div>\n<p>News &amp; Updates zum Unternehmen<\/p>\n<\/div>\n<div>\n<h1>Aktuelle Themen<\/h1>\n<p>AKTUELLES ZU LOGO<\/p>\n<\/div>\n<div>\n<\/div>\n<div>\n<div>LOGO<strong>news<\/strong><\/div>\n<div>\n<p>Melden Sie sich hier zu unseren viertelj\u00e4hrlichen LOGO<strong>news<\/strong> an.<\/p>\n<\/div>\n<\/div>\n<div>\n<form\n        class=\"uk-form-stacked js-cm-form\"\n        id=\"subForm\"\n        action=\"https:\/\/www.createsend.com\/t\/subscribeerror?description=\"\n        method=\"post\"\n        data-id=\"5B5E7037DA78A748374AD499497E309E36097AB208A71628E6F6596C9B7D2B150D8D8B5110A62070045DAE278988FDBC9B1545193EA3FF5E58099B7E84364DDF\"\n      ><\/p>\n<div class=\"uk-margin\">\n          <label class=\"uk-form-label\" for=\"fieldName\">Vorname Nachname<\/label><\/p>\n<div class=\"uk-form-controls\">\n            <input\n              class=\"uk-input\"\n              id=\"fieldName\"\n              name=\"cm-name\"\n              type=\"text\"\n              placeholder=\"Name\"\n              maxlength=\"200\"\n            \/>\n          <\/div>\n<\/p><\/div>\n<div class=\"uk-margin\">\n          <label class=\"uk-form-label\" for=\"fieldEmail\"><br \/>\n            E-Mail-Adresse <span class=\"uk-text-danger\">*<\/span><br \/>\n          <\/label><\/p>\n<div class=\"uk-form-controls\">\n            <input\n              class=\"uk-input js-cm-email-input\"\n              id=\"fieldEmail\"\n              name=\"cm-odunb-odunb\"\n              type=\"email\"\n              placeholder=\"E-Mail-Adresse\"\n              required\n              maxlength=\"200\"\n              autocomplete=\"email\"\n            \/>\n          <\/div>\n<\/p><\/div>\n<div class=\"uk-margin uk-grid-small uk-child-width-auto uk-grid\">\n          <label><br \/>\n            <input\n              class=\"uk-checkbox\"\n              type=\"checkbox\"\n              id=\"cm-privacy-consent\"\n              name=\"cm-privacy-consent\"\n              required\n            \/><br \/>\n            Ich bin damit einverstanden, per E-Mail benachrichtigt zu werden.<br \/>\n          <\/label><br \/>\n          <input\n            type=\"hidden\"\n            id=\"cm-privacy-consent-hidden\"\n            name=\"cm-privacy-consent-hidden\"\n            value=\"true\"\n          \/>\n        <\/div>\n<div class=\"uk-margin uk-grid-small uk-child-width-auto uk-grid\">\n          <label><br \/>\n            <input\n              class=\"uk-checkbox\"\n              type=\"checkbox\"\n              id=\"cm-privacy-email\"\n              name=\"cm-privacy-email\"\n            \/><br \/>\n            Ich bin damit einverstanden, dass meine E-Mail-Aktivit\u00e4t protokolliert wird.<br \/>\n          <\/label><br \/>\n          <input\n            type=\"hidden\"\n            id=\"cm-privacy-email-hidden\"\n            name=\"cm-privacy-email-hidden\"\n            value=\"true\"\n          \/>\n        <\/div>\n<div class=\"uk-margin\">\n          <button type=\"submit\" class=\"uk-button uk-button-secondary uk-width-1-1 js-cm-submit-button\"><br \/>\n            Jetzt registrieren<br \/>\n          <\/button>\n        <\/div>\n<\/p><\/form>\n<p><script type=\"text\/javascript\" src=\"https:\/\/js.createsend1.com\/javascript\/copypastesubscribeformlogic.js\"><\/script>\n<\/div>\n<hr>\n<div>\n<p>Sie k\u00f6nnen sich nat\u00fcrlich jederzeit von unseren LOGO<strong>news<\/strong> abmelden.<\/p>\n<\/div>\n<p><!--more--><br \/>\n<!-- {\"type\":\"layout\",\"children\":[{\"type\":\"section\",\"props\":{\"image_position\":\"center-center\",\"style\":\"primary\",\"title_breakpoint\":\"xl\",\"title_position\":\"top-left\",\"title_rotation\":\"left\",\"vertical_align\":\"middle\",\"width\":\"default\"},\"children\":[{\"type\":\"row\",\"children\":[{\"type\":\"column\",\"props\":{\"image_position\":\"center-center\",\"position_sticky_breakpoint\":\"m\"},\"children\":[{\"type\":\"headline\",\"props\":{\"content\":\"Aktuelle Themen\",\"content_en_us\":\"Current topics\",\"margin_remove_bottom\":true,\"text_align\":\"center\",\"title_element\":\"div\",\"title_style\":\"h1\"}},{\"type\":\"text\",\"props\":{\"column_breakpoint\":\"m\",\"content\":\"\n\n<p>News &amp; Updates zum Unternehmen<\\\/p>\",\"content_en_us\":\"\n\n<p>News &amp; updates about LOGO<\\\/p>\",\"margin\":\"\",\"margin_remove_top\":false,\"text_align\":\"center\"}}]}]}],\"name\":\"Hero - Single Blue\"},{\"type\":\"section\",\"props\":{\"image_position\":\"center-center\",\"padding\":\"large\",\"style\":\"default\",\"title_breakpoint\":\"xl\",\"title_position\":\"top-left\",\"title_rotation\":\"left\",\"vertical_align\":\"middle\",\"width\":\"large\"},\"children\":[{\"type\":\"row\",\"children\":[{\"type\":\"column\",\"props\":{\"image_position\":\"center-center\",\"position_sticky_breakpoint\":\"m\",\"width_medium\":\"2-3\"},\"children\":[{\"type\":\"panel\",\"props\":{\"content\":\"\",\"content_column_breakpoint\":\"m\",\"icon_width\":80,\"image_align\":\"top\",\"image_grid_breakpoint\":\"m\",\"image_grid_width\":\"1-2\",\"image_svg_color\":\"emphasis\",\"link_style\":\"default\",\"link_text\":\"Read more\",\"margin\":\"medium\",\"meta\":\"AKTUELLES ZU LOGO\",\"meta_align\":\"above-title\",\"meta_element\":\"div\",\"meta_en_us\":\"NEWS FROM LOGO\",\"meta_style\":\"text-meta\",\"title\":\"Aktuelle Themen\",\"title_align\":\"top\",\"title_element\":\"h1\",\"title_en_us\":\"Current topics\",\"title_grid_breakpoint\":\"m\",\"title_grid_width\":\"1-2\",\"title_hover_style\":\"reset\",\"title_margin\":\"small\",\"title_style\":\"h1\"}},{\"type\":\"grid\",\"props\":{\"content_align\":false,\"content_column_breakpoint\":\"m\",\"content_margin\":\"small\",\"filter\":false,\"filter_align\":\"left\",\"filter_all\":true,\"filter_animation\":\"fade\",\"filter_grid_breakpoint\":\"m\",\"filter_grid_width\":\"auto\",\"filter_position\":\"top\",\"filter_style\":\"tab\",\"grid_column_align\":false,\"grid_default\":\"1\",\"grid_divider\":true,\"grid_large\":\"1\",\"grid_medium\":\"1\",\"grid_parallax_justify\":false,\"grid_row_align\":false,\"grid_small\":\"1\",\"icon_width\":80,\"image_align\":\"left\",\"image_grid_breakpoint\":\"m\",\"image_grid_width\":\"1-3\",\"image_svg_color\":\"emphasis\",\"image_width\":400,\"item_animation\":true,\"lightbox_bg_close\":true,\"link_aria_label\":\"Zur Projektseite\",\"link_style\":\"text\",\"link_text\":\"Meldung anzeigen\",\"margin\":\"default\",\"meta_align\":\"above-title\",\"meta_element\":\"div\",\"meta_style\":\"\",\"panel_expand\":\"content\",\"panel_image_no_padding\":true,\"panel_link\":false,\"panel_link_hover\":true,\"show_content\":true,\"show_hover_image\":true,\"show_hover_video\":true,\"show_image\":true,\"show_link\":true,\"show_meta\":true,\"show_title\":true,\"show_video\":true,\"title_align\":\"top\",\"title_element\":\"div\",\"title_grid_breakpoint\":\"m\",\"title_grid_width\":\"1-2\",\"title_hover_style\":\"reset\",\"title_margin\":\"small\",\"title_style\":\"h5\"},\"children\":[{\"type\":\"grid_item\",\"props\":{\"content\":\"\",\"link_aria_label\":\"Meldung anzeigen\",\"link_text_en_us\":\"Show message\"},\"source\":{\"query\":{\"name\":\"aktuelless.customAktuelless\",\"arguments\":{\"users\":[],\"users_operator\":\"IN\",\"offset\":0,\"limit\":900,\"order\":\"field:aktuelles_datum\",\"order_direction\":\"DESC\"}}},\"source_extended\":{\"props\":{\"title\":{\"query\":{\"name\":\"#node\"},\"name\":\"title\"},\"meta\":{\"query\":{\"name\":\"#node\"},\"filters\":{\"date\":\"\"},\"name\":\"field.aktuelles_datum\"},\"content\":{\"query\":{\"name\":\"#node\"},\"name\":\"field.aktuelles_text\",\"filters\":{\"limit\":150,\"preserve\":false}},\"link\":{\"query\":{\"name\":\"#node\"},\"name\":\"link\"},\"image\":{\"query\":{\"name\":\"#node\"},\"name\":\"featuredImage.url\"},\"image_alt\":{\"query\":{\"name\":\"#node\"},\"name\":\"featuredImage.alt\"},\"link_en_us\":{\"query\":{\"name\":\"#node\"},\"name\":\"link\"}}}}]}]},{\"type\":\"column\",\"props\":{\"image_position\":\"center-center\",\"position_sticky_breakpoint\":\"m\",\"width_medium\":\"1-3\"},\"children\":[{\"type\":\"fragment\",\"props\":{\"class\":\"uk-card-default uk-padding\",\"margin\":\"default\",\"yooessentials_access_conditions\":[{\"type\":\"yooessentials_access_language\",\"id\":\"ci_52ABE3\",\"props\":{\"languages\":[\"de_DE\"]}}],\"yooessentials_access_mode\":\"AND\",\"yooessentials_form\":{\"state\":false,\"after_submit_actions\":[],\"html5validation\":true,\"reset_after_submit\":true,\"override_action_url\":false,\"action_method\":\"POST\",\"class\":\"\",\"id\":\"\",\"attributes\":\"\",\"action_url\":\"https:\\\/\\\/www.createsend.com\\\/t\\\/subscribeerror?description=\",\"errors_display_modal\":false}},\"children\":[{\"type\":\"row\",\"children\":[{\"type\":\"column\",\"props\":{\"image_position\":\"center-center\",\"position_sticky_breakpoint\":\"m\"},\"children\":[{\"type\":\"panel\",\"props\":{\"content\":\"\n\n<p>Melden Sie sich hier zu unseren viertelj\\u00e4hrlichen LOGO<strong>news<\\\/strong> an.<\\\/p>\",\"content_column_breakpoint\":\"m\",\"content_en_us\":\"\n\n<p><strong>Sophia Vanheiden<\\\/strong><br \\\/>Point of contact career<br \\\/>Phone +49 (0) 69 \\u2013 1504 1993<\\\/p>\",\"content_margin\":\"small\",\"icon\":\"mail\",\"icon_color\":\"success\",\"icon_width\":\"48\",\"image_align\":\"top\",\"image_grid_breakpoint\":\"m\",\"image_grid_width\":\"1-2\",\"image_svg_color\":\"emphasis\",\"link_aria_label\":\"Externes E-Mail Programm \\u00f6ffnen\",\"link_fullwidth\":true,\"link_style\":\"secondary\",\"link_text\":\"E-Mail senden\",\"link_text_en_us\":\"Send email\",\"margin\":\"default\",\"meta\":\"\",\"meta_align\":\"above-title\",\"meta_element\":\"div\",\"meta_style\":\"text-meta\",\"panel_padding\":\"default\",\"title\":\"LOGO<strong>news<\\\/strong>\",\"title_align\":\"top\",\"title_element\":\"div\",\"title_en_us\":\"Contact\",\"title_grid_breakpoint\":\"m\",\"title_grid_width\":\"1-2\",\"title_hover_style\":\"reset\",\"title_margin\":\"small\"},\"name\":\"Panel - Kontakt\"},{\"type\":\"yooessentials_form_input\",\"props\":{\"control_icon_align\":\"left\",\"fullwidth\":true,\"grid_column_gap\":\"small\",\"grid_columns_number\":\"auto\",\"grid_row_gap\":\"\",\"margin\":\"default\",\"show_icon\":true,\"show_label\":true,\"status\":\"disabled\"},\"children\":[{\"type\":\"yooessentials_form_input_text\",\"props\":{\"control_id\":\"name\",\"control_id_inherit\":true,\"control_label\":\"Vorname Nachname\",\"control_name\":\"cm-name\",\"control_placeholder\":\"Name\",\"control_required\":true}},{\"type\":\"yooessentials_form_input_email\",\"props\":{\"control_id\":\"email\",\"control_id_inherit\":true,\"control_label\":\"E-Mail Adresse\",\"control_name\":\"cm-odunb-odunb\",\"control_placeholder\":\"E-Mail Adresse\",\"control_required\":true}}]},{\"type\":\"yooessentials_form_checkbox\",\"props\":{\"control_id_inherit\":true,\"control_layout\":\"vertical\",\"control_name\":\"cm-privacy-consent\",\"control_required\":true,\"margin\":\"medium\",\"status\":\"disabled\"},\"children\":[{\"type\":\"yooessentials_form_option\",\"props\":{\"disabled\":false,\"id\":\"cm-privacy-consent\",\"text\":\"\n\n<p>Ich bin damit einverstanden, per E-Mail benachrichtigt zu werden.<\\\/p>\",\"value\":\"true\"}}]},{\"type\":\"yooessentials_form_hidden\",\"props\":{\"control_encrypt\":false,\"control_id\":\"cm-privacy-consent-hidden\",\"control_id_inherit\":true,\"control_name\":\"cm-privacy-consent-hidden\",\"control_value\":\"true\",\"status\":\"disabled\"},\"name\":\"cm-privacy-consent-hidden\"},{\"type\":\"yooessentials_form_checkbox\",\"props\":{\"control_id_inherit\":true,\"control_layout\":\"vertical\",\"control_name\":\"cm-privacy-email\",\"control_required\":true,\"margin\":\"medium\",\"status\":\"disabled\"},\"children\":[{\"type\":\"yooessentials_form_option\",\"props\":{\"disabled\":false,\"id\":\"cm-privacy-email\",\"text\":\"\n\n<p>Ich bin damit einverstanden, dass meine E-Mail-Aktivit\\u00e4t protokolliert wird.<\\\/p>\",\"value\":\"true\"}}]},{\"type\":\"yooessentials_form_hidden\",\"props\":{\"control_encrypt\":false,\"control_id\":\"cm-privacy-email-hidden\",\"control_id_inherit\":true,\"control_name\":\"cm-privacy-email-hidden\",\"control_value\":\"true\",\"status\":\"disabled\"},\"name\":\"cm-privacy-email-hidden\"},{\"type\":\"html\",\"props\":{\"content\":\"<script type=\\\"text\\\/javascript\\\" src=\\\"https:\\\/\\\/js.createsend1.com\\\/javascript\\\/copypastesubscribeformlogic.js\\\"><\\\/script>\",\"status\":\"disabled\"},\"name\":\"CM Skript\"},{\"type\":\"yooessentials_form_button\",\"props\":{\"fullwidth\":true,\"grid_column_gap\":\"small\",\"grid_row_gap\":\"small\",\"margin\":\"default\",\"status\":\"disabled\"},\"children\":[{\"type\":\"yooessentials_form_button_item\",\"props\":{\"button_style\":\"secondary\",\"content\":\"Jetzt registrieren\",\"icon_align\":\"left\"}}]},{\"type\":\"newsletter\",\"props\":{\"button_fullwidth\":true,\"button_icon\":\"mail\",\"button_margin\":\"small\",\"button_mode\":\"button\",\"button_style\":\"secondary\",\"cmonitor\":{\"client_id\":\"cd2eeafc891ef8dcd79bb0412dc37bb5\",\"list_id\":\"d74509c2c504db57670d015516fc3eb8\"},\"gap\":\"medium\",\"label_button\":\"Jetzt registrieren\",\"label_email\":\"E-Mail Adresse\",\"label_first_name\":\"Vorname\",\"label_last_name\":\"Nachname\",\"layout\":\"stacked\",\"mailchimp\":{\"client_id\":\"\",\"list_id\":\"\",\"double_optin\":true},\"provider\":{\"name\":\"cmonitor\",\"after_submit\":\"redirect\",\"message\":\"You've been subscribed successfully.\",\"redirect\":\"de\\\/newsletter-bestaetigung-erforderlich\\\/\"},\"show_name\":true,\"status\":\"disabled\"}},{\"type\":\"html\",\"props\":{\"content\":\"      <form\\n        class=\\\"uk-form-stacked js-cm-form\\\"\\n        id=\\\"subForm\\\"\\n        action=\\\"https:\\\/\\\/www.createsend.com\\\/t\\\/subscribeerror?description=\\\"\\n        method=\\\"post\\\"\\n        data-id=\\\"5B5E7037DA78A748374AD499497E309E36097AB208A71628E6F6596C9B7D2B150D8D8B5110A62070045DAE278988FDBC9B1545193EA3FF5E58099B7E84364DDF\\\"\\n      >\\n        \n\n<div class=\\\"uk-margin\\\">\\n          <label class=\\\"uk-form-label\\\" for=\\\"fieldName\\\">Vorname Nachname<\\\/label>\\n          \n\n<div class=\\\"uk-form-controls\\\">\\n            <input\\n              class=\\\"uk-input\\\"\\n              id=\\\"fieldName\\\"\\n              name=\\\"cm-name\\\"\\n              type=\\\"text\\\"\\n              placeholder=\\\"Name\\\"\\n              maxlength=\\\"200\\\"\\n            \\\/>\\n          <\\\/div>\\n        <\\\/div>\\n\\n        \n\n<div class=\\\"uk-margin\\\">\\n          <label class=\\\"uk-form-label\\\" for=\\\"fieldEmail\\\">\\n            E-Mail-Adresse <span class=\\\"uk-text-danger\\\">*<\\\/span>\\n          <\\\/label>\\n          \n\n<div class=\\\"uk-form-controls\\\">\\n            <input\\n              class=\\\"uk-input js-cm-email-input\\\"\\n              id=\\\"fieldEmail\\\"\\n              name=\\\"cm-odunb-odunb\\\"\\n              type=\\\"email\\\"\\n              placeholder=\\\"E-Mail-Adresse\\\"\\n              required\\n              maxlength=\\\"200\\\"\\n              autocomplete=\\\"email\\\"\\n            \\\/>\\n          <\\\/div>\\n        <\\\/div>\\n\\n        \n\n<div class=\\\"uk-margin uk-grid-small uk-child-width-auto uk-grid\\\">\\n          <label>\\n            <input\\n              class=\\\"uk-checkbox\\\"\\n              type=\\\"checkbox\\\"\\n              id=\\\"cm-privacy-consent\\\"\\n              name=\\\"cm-privacy-consent\\\"\\n              required\\n            \\\/>\\n            Ich bin damit einverstanden, per E-Mail benachrichtigt zu werden.\\n          <\\\/label>\\n          <input\\n            type=\\\"hidden\\\"\\n            id=\\\"cm-privacy-consent-hidden\\\"\\n            name=\\\"cm-privacy-consent-hidden\\\"\\n            value=\\\"true\\\"\\n          \\\/>\\n        <\\\/div>\\n\\n        \n\n<div class=\\\"uk-margin uk-grid-small uk-child-width-auto uk-grid\\\">\\n          <label>\\n            <input\\n              class=\\\"uk-checkbox\\\"\\n              type=\\\"checkbox\\\"\\n              id=\\\"cm-privacy-email\\\"\\n              name=\\\"cm-privacy-email\\\"\\n            \\\/>\\n            Ich bin damit einverstanden, dass meine E-Mail-Aktivit\\u00e4t protokolliert wird.\\n          <\\\/label>\\n          <input\\n            type=\\\"hidden\\\"\\n            id=\\\"cm-privacy-email-hidden\\\"\\n            name=\\\"cm-privacy-email-hidden\\\"\\n            value=\\\"true\\\"\\n          \\\/>\\n        <\\\/div>\\n\\n        \n\n<div class=\\\"uk-margin\\\">\\n          <button type=\\\"submit\\\" class=\\\"uk-button uk-button-secondary uk-width-1-1 js-cm-submit-button\\\">\\n            Jetzt registrieren\\n          <\\\/button>\\n        <\\\/div>\\n      <\\\/form>\\n\\n<script type=\\\"text\\\/javascript\\\" src=\\\"https:\\\/\\\/js.createsend1.com\\\/javascript\\\/copypastesubscribeformlogic.js\\\"><\\\/script>\"},\"name\":\"Embed V1\"},{\"type\":\"divider\",\"props\":{\"divider_element\":\"hr\"}},{\"type\":\"text\",\"props\":{\"column_breakpoint\":\"m\",\"content\":\"\n\n<p>Sie k\\u00f6nnen sich nat\\u00fcrlich jederzeit von unseren LOGO<strong>news<\\\/strong> abmelden.<\\\/p>\",\"margin\":\"default\",\"text_style\":\"small\"}}]}]}],\"formid\":\"e1b4d8f9\",\"name\":\"LOGOnews Anmeldung \\\/ Newsletter V1\"}]}],\"props\":{\"layout\":\"2-3,1-3\"}}],\"name\":\"Aktuelles - Sektion\"}],\"version\":\"4.5.32\",\"yooessentialsVersion\":\"2.4.12\"} --><\/p>\n","protected":false},"excerpt":{"rendered":"<p>Aktuelle Themen News &amp; Updates zum Unternehmen Aktuelle Themen AKTUELLES ZU LOGO LOGOnews Melden Sie sich hier zu unseren viertelj\u00e4hrlichen LOGOnews an. Vorname Nachname E-Mail-Adresse * Ich bin damit einverstanden, per E-Mail benachrichtigt zu werden. Ich bin damit einverstanden, dass meine E-Mail-Aktivit\u00e4t protokolliert wird. Jetzt registrieren Sie k\u00f6nnen sich nat\u00fcrlich jederzeit von unseren LOGOnews abmelden.<\/p>\n","protected":false},"author":1,"featured_media":0,"parent":0,"menu_order":44,"comment_status":"closed","ping_status":"closed","template":"","meta":{"_acf_changed":false,"footnotes":""},"class_list":["post-655","page","type-page","status-publish","hentry"],"acf":[],"_links":{"self":[{"href":"https:\/\/www.logo-infraconsult.de\/en\/wp-json\/wp\/v2\/pages\/655","targetHints":{"allow":["GET"]}}],"collection":[{"href":"https:\/\/www.logo-infraconsult.de\/en\/wp-json\/wp\/v2\/pages"}],"about":[{"href":"https:\/\/www.logo-infraconsult.de\/en\/wp-json\/wp\/v2\/types\/page"}],"author":[{"embeddable":true,"href":"https:\/\/www.logo-infraconsult.de\/en\/wp-json\/wp\/v2\/users\/1"}],"replies":[{"embeddable":true,"href":"https:\/\/www.logo-infraconsult.de\/en\/wp-json\/wp\/v2\/comments?post=655"}],"version-history":[{"count":23,"href":"https:\/\/www.logo-infraconsult.de\/en\/wp-json\/wp\/v2\/pages\/655\/revisions"}],"predecessor-version":[{"id":4582,"href":"https:\/\/www.logo-infraconsult.de\/en\/wp-json\/wp\/v2\/pages\/655\/revisions\/4582"}],"wp:attachment":[{"href":"https:\/\/www.logo-infraconsult.de\/en\/wp-json\/wp\/v2\/media?parent=655"}],"curies":[{"name":"wp","href":"https:\/\/api.w.org\/{rel}","templated":true}]}}