{"id":2503,"date":"2026-01-26T09:14:09","date_gmt":"2026-01-26T08:14:09","guid":{"rendered":"https:\/\/p697602.webspaceconfig.de\/wordpress\/?page_id=2503"},"modified":"2026-02-25T09:01:59","modified_gmt":"2026-02-25T08:01:59","slug":"immobilien-consulting","status":"publish","type":"page","link":"https:\/\/www.logo-infraconsult.de\/en\/real-estate-consulting\/","title":{"rendered":"Real Estate Consulting"},"content":{"rendered":"<div>\n<div>Immobilien Consulting<\/div>\n<\/div>\n<div>\n<h1>Immobilienpotenziale nachhaltig steigern, Strukturen optimieren und zukunftsf\u00e4hige R\u00e4ume gestalten<\/h1>\n<p>WIR BERATEN SIE ENTLANG DES GESAMTEN LEBENSZYKLUS IHRER IMMOBILIE<\/p>\n<div>\n<p>Im dynamischen Immobilienmarkt von heute reicht Standardberatung nicht mehr aus. Wir begleiten Sie als agiler Partner dabei, das volle Potenzial Ihrer Fl\u00e4chen auszusch\u00f6pfen \u2013 von der ersten Idee bis zur zukunftssicheren Nutzung. Dabei agieren wir als Experten an Ihrer Seite, die fundierte Marktkenntnis mit ma\u00dfgeschneiderten L\u00f6sungen f\u00fcr Ihre individuellen Herausforderungen vereinen.<\/p>\n<\/div>\n<\/div>\n<ul>\n<li>\n<p>        <img decoding=\"async\" src=\"\/wp-content\/uploads\/2026\/01\/ico-project-initiation.svg\" alt=\"Projektinitiierung Immobilien Consulting\"><\/p>\n<div>Projektinitiierung<\/div>\n<p><a href=\"\/immobilien-consulting\/projektinitiierung\/\"><\/a><\/p>\n<\/li>\n<li>\n<p>        <img decoding=\"async\" src=\"\/wp-content\/uploads\/2026\/01\/ico-portfolio-management.svg\" alt=\"Immobilien Portfoliomanagement\"><\/p>\n<div>Immobilienportfoliomanagement-Beratung<\/div>\n<p><a href=\"\/immobilien-consulting\/immobilien-portfoliomanagement-beratung\/\"><\/a><\/p>\n<\/li>\n<li>\n<p>        <img decoding=\"async\" src=\"\/wp-content\/uploads\/2026\/01\/ico-real-estate-organization.svg\" alt=\"Organisationsberatung im Immobilienbereich\"><\/p>\n<div>Organisationsberatung im Immobilienbereich<\/div>\n<p><a href=\"\/immobilien-consulting\/organisationsberatung-im-immobilienbereich\/\"><\/a><\/p>\n<\/li>\n<li>\n<p>        <img decoding=\"async\" src=\"\/wp-content\/uploads\/2026\/01\/ico-renter-coordination.svg\" alt=\"Mieterkoordination\"><\/p>\n<div>Mieterkoordination<\/div>\n<p><a href=\"\/immobilien-consulting\/mieterkoordination\/\"><\/a><\/p>\n<\/li>\n<li>\n<p>        <img decoding=\"async\" src=\"\/wp-content\/uploads\/2026\/01\/ico-sustainability-consulting.svg\" alt=\"Nachhaltigkeitsberatung Neue Energien\"><\/p>\n<div>Nachhaltigkeitsberatung<\/div>\n<p><a href=\"\/immobilien-consulting\/nachhaltigkeitsberatung\/\"><\/a><\/p>\n<\/li>\n<li>\n<p>        <img decoding=\"async\" src=\"\/wp-content\/uploads\/2026\/01\/ico-new-work-consulting.svg\" alt=\"New Work Consulting\"><\/p>\n<div>New Work Consulting<\/div>\n<p><a href=\"\/immobilien-consulting\/new-work-consulting\/\"><\/a><\/p>\n<\/li>\n<\/ul>\n<h2>Downloads<\/h2>\n<ul>\n<li>\n<p>        <img decoding=\"async\" src=\"\/wp-content\/uploads\/2026\/01\/Titel_Flyer_Bildung_Forschung_mRand.jpg\" alt=\"Titel eines Flyers zur Thematik Projektmanagement f\u00fcr Geb\u00e4ude im Bildung-, Forschungs- und Verwaltungssektor\"><\/p>\n<div>Immobilien mit Nutzerfokus f\u00fcr Bildung, Forschung und Verwaltung<\/div>\n<p>Flyer<\/p>\n<p><a href=\"\/wp-content\/uploads\/2026\/01\/LOGO-IC_Flyer_Bildung_Forschung_ANSICHT.pdf\">Herunterladen<\/a><\/p>\n<\/li>\n<li>\n<\/li>\n<\/ul>\n<p><!--more--><br \/>\n<!-- {\"type\":\"layout\",\"children\":[{\"type\":\"section\",\"props\":{\"class\":\"hero-image\",\"height\":\"pixels\",\"height_offset_top\":false,\"height_viewport\":300,\"image\":\"wp-content\\\/uploads\\\/2025\\\/10\\\/Immobilien_Branche_header.jpg\",\"image_position\":\"center-center\",\"image_size\":\"cover\",\"image_width\":1920,\"media_focal_point\":\"center-right\",\"media_overlay_gradient\":\"linear-gradient(180deg, rgba(0, 0, 0, 0) 60%, rgba(0, 0, 0, 0.4) 100%)\",\"padding_remove_bottom\":false,\"style\":\"primary\",\"title_breakpoint\":\"xl\",\"title_position\":\"top-left\",\"title_rotation\":\"left\",\"vertical_align\":\"\",\"width\":\"large\"},\"children\":[{\"type\":\"row\",\"children\":[{\"type\":\"column\",\"props\":{\"image_position\":\"center-center\",\"position_sticky_breakpoint\":\"m\"},\"children\":[{\"type\":\"panel\",\"props\":{\"class\":\"badge-bubble\",\"content\":\"\",\"content_column_breakpoint\":\"m\",\"content_margin\":\"remove\",\"height_expand\":false,\"icon_width\":80,\"image_align\":\"top\",\"image_grid_breakpoint\":\"m\",\"image_grid_width\":\"1-2\",\"image_svg_color\":\"emphasis\",\"link\":\"#\",\"link_margin\":\"small\",\"link_style\":\"\",\"link_text\":\"Mehr <span class=\\\"uk-icon\\\" uk-icon=\\\"chevron-right\\\"><\\\/span>\",\"margin\":\"default\",\"meta\":\"Inhouse-Trainings?\",\"meta_align\":\"below-title\",\"meta_element\":\"div\",\"meta_margin\":\"remove\",\"meta_style\":\"\",\"panel_link\":true,\"position\":\"absolute\",\"position_right\":\"0\",\"position_top\":\"0\",\"position_z_index\":\"3\",\"status\":\"disabled\",\"text_align\":\"center\",\"title\":\"Wunsch nach\",\"title_align\":\"top\",\"title_element\":\"div\",\"title_grid_breakpoint\":\"m\",\"title_grid_width\":\"1-2\",\"title_hover_style\":\"reset\",\"title_margin\":\"remove\"},\"name\":\"Badge\"},{\"type\":\"panel\",\"props\":{\"content\":\"\",\"content_column_breakpoint\":\"m\",\"content_margin\":\"small\",\"content_style\":\"text-lead\",\"icon_width\":80,\"image_align\":\"top\",\"image_grid_breakpoint\":\"m\",\"image_grid_width\":\"1-2\",\"image_svg_color\":\"emphasis\",\"link_style\":\"default\",\"link_text\":\"Read more\",\"margin\":\"default\",\"maxwidth\":\"2xlarge\",\"meta_align\":\"below-title\",\"meta_element\":\"div\",\"meta_style\":\"text-meta\",\"position\":\"absolute\",\"position_bottom\":\"0\",\"title\":\"Immobilien Consulting\",\"title_align\":\"top\",\"title_element\":\"div\",\"title_en_us\":\"Real Estate Consulting\",\"title_font_family\":\"secondary\",\"title_grid_breakpoint\":\"m\",\"title_grid_width\":\"1-2\",\"title_hover_style\":\"reset\",\"title_style\":\"heading-large\"},\"name\":\"Titel & Leadtext\"}]}]}],\"name\":\"Hero Image\"},{\"type\":\"section\",\"props\":{\"height\":\"page\",\"image_position\":\"center-center\",\"padding\":\"large\",\"style\":\"default\",\"title_breakpoint\":\"xl\",\"title_position\":\"top-left\",\"title_rotation\":\"left\",\"vertical_align\":\"middle\",\"width\":\"large\"},\"children\":[{\"type\":\"row\",\"children\":[{\"type\":\"column\",\"props\":{\"image_position\":\"center-center\",\"position_sticky_breakpoint\":\"m\",\"width_medium\":\"3-4\"},\"children\":[{\"type\":\"panel\",\"props\":{\"content\":\"\n\n<p>Im dynamischen Immobilienmarkt von heute reicht Standardberatung nicht mehr aus. Wir begleiten Sie als agiler Partner dabei, das volle Potenzial Ihrer Fl\\u00e4chen auszusch\\u00f6pfen \\u2013 von der ersten Idee bis zur zukunftssicheren Nutzung. Dabei agieren wir als Experten an Ihrer Seite, die fundierte Marktkenntnis mit ma\\u00dfgeschneiderten L\\u00f6sungen f\\u00fcr Ihre individuellen Herausforderungen vereinen.<\\\/p>\",\"content_column_breakpoint\":\"m\",\"content_en_us\":\"\n\n<p>In today\\u2019s dynamic real estate market, standard advice is no longer enough. As an agile partner, we support you in maximizing the potential of your space\\u00a0\\u2013 from the initial conception to long-term use. We act as experts at your side, combining in-depth market knowledge with customized solutions for your unique challenges.<\\\/p>\",\"content_margin\":\"small\",\"content_style\":\"text-lead\",\"icon_width\":80,\"image_align\":\"top\",\"image_grid_breakpoint\":\"m\",\"image_grid_width\":\"1-2\",\"image_svg_color\":\"emphasis\",\"link_style\":\"default\",\"link_text\":\"Read more\",\"margin\":\"default\",\"meta\":\"WIR BERATEN SIE ENTLANG DES GESAMTEN LEBENSZYKLUS IHRER IMMOBILIE\",\"meta_align\":\"above-title\",\"meta_element\":\"div\",\"meta_en_us\":\"WE ADVISE YOU THROUGHOUT THE ENTIRE LIFE CYCLE OF YOUR PROPERTY\",\"meta_style\":\"text-meta\",\"title\":\"Immobilienpotenziale nachhaltig steigern, Strukturen optimieren und zukunftsf\\u00e4hige R\\u00e4ume gestalten\",\"title_align\":\"top\",\"title_element\":\"h1\",\"title_en_us\":\"Sustainably enhance real estate potential, optimize structures and design spaces fit for tomorrow \",\"title_grid_breakpoint\":\"m\",\"title_grid_width\":\"1-2\",\"title_hover_style\":\"reset\",\"title_margin\":\"small\",\"title_style\":\"h1\"}}]},{\"type\":\"column\",\"props\":{\"image_position\":\"center-center\",\"position_sticky_breakpoint\":\"m\",\"width_medium\":\"1-4\"}}],\"props\":{\"layout\":\"3-4,1-4\"}},{\"type\":\"row\",\"children\":[{\"type\":\"column\",\"props\":{\"image_position\":\"center-center\",\"position_sticky_breakpoint\":\"m\"},\"children\":[{\"type\":\"grid\",\"props\":{\"content_align\":false,\"content_column_breakpoint\":\"m\",\"content_margin\":\"small\",\"content_style\":\"h4\",\"filter_align\":\"left\",\"filter_all\":true,\"filter_grid_breakpoint\":\"m\",\"filter_grid_width\":\"auto\",\"filter_position\":\"top\",\"filter_style\":\"tab\",\"grid_column_align\":false,\"grid_column_gap\":\"small\",\"grid_default\":\"1\",\"grid_large\":\"4\",\"grid_medium\":\"3\",\"grid_row_align\":false,\"grid_row_gap\":\"small\",\"grid_small\":\"2\",\"icon_width\":\"32\",\"image_align\":\"top\",\"image_grid_breakpoint\":\"m\",\"image_grid_width\":\"auto\",\"image_height\":60,\"image_svg_color\":\"emphasis\",\"item_animation\":true,\"lightbox_bg_close\":true,\"link_style\":\"default\",\"link_text\":\"\",\"margin\":\"large\",\"meta_align\":\"below-title\",\"meta_element\":\"div\",\"meta_style\":\"text-meta\",\"panel_expand\":\"content\",\"panel_image_no_padding\":false,\"panel_link\":true,\"panel_link_hover\":true,\"panel_padding\":\"default\",\"panel_style\":\"card-default\",\"show_content\":true,\"show_hover_image\":true,\"show_hover_video\":true,\"show_image\":true,\"show_link\":true,\"show_meta\":true,\"show_title\":true,\"show_video\":true,\"title_align\":\"top\",\"title_element\":\"div\",\"title_grid_breakpoint\":\"m\",\"title_grid_width\":\"1-2\",\"title_hover_style\":\"reset\",\"title_style\":\"h5\"},\"children\":[{\"type\":\"grid_item\",\"props\":{\"content\":\"\",\"icon\":\"\",\"image\":\"wp-content\\\/uploads\\\/2026\\\/01\\\/ico-project-initiation.svg\",\"image_alt\":\"Projektinitiierung Immobilien Consulting\",\"link\":\"immobilien-consulting\\\/projektinitiierung\\\/\",\"link_en_us\":\"en\\\/immobilien-consulting\\\/projektinitiierung\\\/\",\"title\":\"Projektinitiierung\",\"title_en_us\":\"Project Initiation \"}},{\"type\":\"grid_item\",\"props\":{\"image\":\"wp-content\\\/uploads\\\/2026\\\/01\\\/ico-portfolio-management.svg\",\"image_alt\":\"Immobilien Portfoliomanagement\",\"link\":\"immobilien-consulting\\\/immobilien-portfoliomanagement-beratung\\\/\",\"link_en_us\":\"en\\\/immobilien-consulting\\\/immobilien-portfoliomanagement-beratung\\\/\",\"title\":\"Immobilienportfoliomanagement-Beratung\",\"title_en_us\":\"Real Estate Portfolio Management and Consulting \"}},{\"type\":\"grid_item\",\"props\":{\"content\":\"\",\"icon\":\"\",\"image\":\"wp-content\\\/uploads\\\/2026\\\/01\\\/ico-real-estate-organization.svg\",\"image_alt\":\"Organisationsberatung im Immobilienbereich\",\"link\":\"immobilien-consulting\\\/organisationsberatung-im-immobilienbereich\\\/\",\"link_en_us\":\"en\\\/immobilien-consulting\\\/organisationsberatung-im-immobilienbereich\\\/\",\"title\":\"Organisationsberatung im Immobilienbereich\",\"title_en_us\":\"Organizational Consulting in the Real Estate Sector \"}},{\"type\":\"grid_item\",\"props\":{\"content\":\"\",\"image\":\"wp-content\\\/uploads\\\/2026\\\/01\\\/ico-renter-coordination.svg\",\"image_alt\":\"Mieterkoordination\",\"link\":\"immobilien-consulting\\\/mieterkoordination\\\/\",\"link_en_us\":\"en\\\/immobilien-consulting\\\/mieterkoordination\\\/\",\"title\":\"Mieterkoordination\",\"title_en_us\":\"Tenant Coordination \"}},{\"type\":\"grid_item\",\"props\":{\"content\":\"\",\"image\":\"wp-content\\\/uploads\\\/2026\\\/01\\\/ico-sustainability-consulting.svg\",\"image_alt\":\"Nachhaltigkeitsberatung Neue Energien\",\"link\":\"immobilien-consulting\\\/nachhaltigkeitsberatung\\\/\",\"link_en_us\":\"en\\\/immobilien-consulting\\\/nachhaltigkeitsberatung\\\/\",\"title\":\"Nachhaltigkeitsberatung\",\"title_en_us\":\"Sustainability Consulting \"}},{\"type\":\"grid_item\",\"props\":{\"image\":\"wp-content\\\/uploads\\\/2026\\\/01\\\/ico-new-work-consulting.svg\",\"image_alt\":\"New Work Consulting\",\"link\":\"immobilien-consulting\\\/new-work-consulting\\\/\",\"link_en_us\":\"en\\\/immobilien-consulting\\\/new-work-consulting\\\/\",\"title\":\"New Work Consulting\",\"title_en_us\":\"New Work Consulting\"}}],\"name\":\"Grid\"}]}],\"props\":{\"margin\":\"large\"}}],\"name\":\"Intro + Leistungen\"},{\"type\":\"section\",\"props\":{\"image_position\":\"center-center\",\"padding\":\"large\",\"padding_remove_bottom\":false,\"padding_remove_horizontal\":false,\"padding_remove_top\":false,\"style\":\"muted\",\"title_breakpoint\":\"xl\",\"title_position\":\"top-left\",\"title_rotation\":\"left\",\"vertical_align\":\"middle\",\"width\":\"large\"},\"children\":[{\"type\":\"row\",\"children\":[{\"type\":\"column\",\"props\":{\"image_position\":\"center-center\",\"position_sticky_breakpoint\":\"m\"},\"children\":[{\"type\":\"headline\",\"props\":{\"content\":\"Downloads\",\"title_element\":\"h2\",\"title_style\":\"h2\"}},{\"type\":\"grid\",\"props\":{\"content_column_breakpoint\":\"m\",\"filter_align\":\"left\",\"filter_all\":true,\"filter_grid_breakpoint\":\"m\",\"filter_grid_width\":\"auto\",\"filter_position\":\"top\",\"filter_style\":\"tab\",\"grid_default\":\"1\",\"grid_divider\":false,\"grid_large\":\"3\",\"grid_medium\":\"2\",\"icon_width\":80,\"image_align\":\"right\",\"image_box_shadow\":\"small\",\"image_grid_breakpoint\":\"\",\"image_grid_width\":\"auto\",\"image_height\":160,\"image_svg_color\":\"emphasis\",\"image_vertical_align\":true,\"item_animation\":true,\"lightbox_bg_close\":true,\"link_size\":\"small\",\"link_style\":\"danger\",\"link_text\":\"Herunterladen\",\"margin\":\"medium\",\"meta_align\":\"above-title\",\"meta_element\":\"div\",\"meta_style\":\"\",\"panel_expand\":\"content\",\"panel_link\":true,\"panel_link_hover\":true,\"panel_padding\":\"small\",\"panel_style\":\"card-default\",\"show_content\":true,\"show_hover_image\":true,\"show_hover_video\":true,\"show_image\":true,\"show_link\":true,\"show_meta\":true,\"show_title\":true,\"show_video\":true,\"title_align\":\"top\",\"title_element\":\"div\",\"title_grid_breakpoint\":\"m\",\"title_grid_width\":\"1-2\",\"title_hover_style\":\"reset\",\"title_margin\":\"small\",\"title_style\":\"h5\"},\"children\":[{\"type\":\"grid_item\",\"props\":{\"image\":\"wp-content\\\/uploads\\\/2026\\\/01\\\/Titel_Flyer_Bildung_Forschung_mRand.jpg\",\"image_alt\":\"Titel eines Flyers zur Thematik Projektmanagement f\\u00fcr Geb\\u00e4ude im Bildung-, Forschungs- und Verwaltungssektor\",\"link\":\"wp-content\\\/uploads\\\/2026\\\/01\\\/LOGO-IC_Flyer_Bildung_Forschung_ANSICHT.pdf\",\"link_text\":\"Herunterladen\",\"meta\":\"Flyer\",\"title\":\"Immobilien mit Nutzerfokus f\\u00fcr Bildung, Forschung und Verwaltung\"}},{\"type\":\"grid_item\",\"props\":{\"image\":\"\",\"meta\":\"\",\"title\":\"\"},\"source_extended\":{\"props\":{\"link\":{\"composed\":{\"value\":\"whitepaper-anfordern\\\/?wp_id={{ sources.fd0c }}\",\"sources\":{\"fd0c\":{\"query\":{\"name\":\"pages.singlePage\"},\"name\":\"id\"}},\"conditions\":{}}}}}}],\"name\":\"Grid Flyer-Download\"}]}]}],\"name\":\"Download Grid\"}],\"version\":\"4.5.32\",\"yooessentialsVersion\":\"2.4.12\"} --><\/p>\n","protected":false},"excerpt":{"rendered":"<p>Immobilien Consulting Immobilienpotenziale nachhaltig steigern, Strukturen optimieren und zukunftsf\u00e4hige R\u00e4ume gestalten WIR BERATEN SIE ENTLANG DES GESAMTEN LEBENSZYKLUS IHRER IMMOBILIE Im dynamischen Immobilienmarkt von heute reicht Standardberatung nicht mehr aus. Wir begleiten Sie als agiler Partner dabei, das volle Potenzial Ihrer Fl\u00e4chen auszusch\u00f6pfen \u2013 von der ersten Idee bis zur zukunftssicheren Nutzung. Dabei agieren wir [&hellip;]<\/p>\n","protected":false},"author":4,"featured_media":0,"parent":0,"menu_order":19,"comment_status":"closed","ping_status":"closed","template":"","meta":{"_acf_changed":false,"footnotes":""},"class_list":["post-2503","page","type-page","status-publish","hentry"],"acf":[],"_links":{"self":[{"href":"https:\/\/www.logo-infraconsult.de\/en\/wp-json\/wp\/v2\/pages\/2503","targetHints":{"allow":["GET"]}}],"collection":[{"href":"https:\/\/www.logo-infraconsult.de\/en\/wp-json\/wp\/v2\/pages"}],"about":[{"href":"https:\/\/www.logo-infraconsult.de\/en\/wp-json\/wp\/v2\/types\/page"}],"author":[{"embeddable":true,"href":"https:\/\/www.logo-infraconsult.de\/en\/wp-json\/wp\/v2\/users\/4"}],"replies":[{"embeddable":true,"href":"https:\/\/www.logo-infraconsult.de\/en\/wp-json\/wp\/v2\/comments?post=2503"}],"version-history":[{"count":36,"href":"https:\/\/www.logo-infraconsult.de\/en\/wp-json\/wp\/v2\/pages\/2503\/revisions"}],"predecessor-version":[{"id":4585,"href":"https:\/\/www.logo-infraconsult.de\/en\/wp-json\/wp\/v2\/pages\/2503\/revisions\/4585"}],"wp:attachment":[{"href":"https:\/\/www.logo-infraconsult.de\/en\/wp-json\/wp\/v2\/media?parent=2503"}],"curies":[{"name":"wp","href":"https:\/\/api.w.org\/{rel}","templated":true}]}}